{"id":9786,"date":"2025-11-06T13:14:23","date_gmt":"2025-11-06T12:14:23","guid":{"rendered":"https:\/\/medeora.de\/?page_id=9786"},"modified":"2025-11-06T13:15:03","modified_gmt":"2025-11-06T12:15:03","slug":"prise-test","status":"publish","type":"page","link":"https:\/\/medeora.de\/en\/prise-test\/","title":{"rendered":"Prise Test"},"content":{"rendered":"<p>[et_pb_section fb_built=&#8221;1&#8243; admin_label=&#8221;Sektion&#8221; _builder_version=&#8221;4.16&#8243; _module_preset=&#8221;default&#8221; background_enable_color=&#8221;off&#8221; background_image=&#8221;https:\/\/medeora.beeaware.de\/wp-content\/uploads\/2022\/01\/header-budgetrechner-medeora.jpg&#8221; width=&#8221;100%&#8221; module_alignment=&#8221;center&#8221; min_height=&#8221;100px&#8221; min_height_tablet=&#8221;100px&#8221; min_height_phone=&#8221;100px&#8221; min_height_last_edited=&#8221;on|phone&#8221; bottom_divider_style=&#8221;curve&#8221; bottom_divider_color=&#8221;#FFFFFF&#8221; bottom_divider_repeat=&#8221;1x&#8221; bottom_divider_flip=&#8221;horizontal&#8221; bottom_divider_arrangement=&#8221;above_content&#8221; bottom_divider_height_tablet=&#8221;&#8221; bottom_divider_height_phone=&#8221;17px&#8221; bottom_divider_height_last_edited=&#8221;on|phone&#8221; locked=&#8221;off&#8221; global_colors_info=&#8221;{}&#8221; theme_builder_area=&#8221;post_content&#8221;][et_pb_row disabled_on=&#8221;on|off|off&#8221; _builder_version=&#8221;4.16&#8243; _module_preset=&#8221;default&#8221; width=&#8221;100%&#8221; custom_margin=&#8221;146px||||false|false&#8221; global_colors_info=&#8221;{}&#8221; theme_builder_area=&#8221;post_content&#8221;][et_pb_column type=&#8221;4_4&#8243; _builder_version=&#8221;4.16&#8243; _module_preset=&#8221;default&#8221; global_colors_info=&#8221;{}&#8221; theme_builder_area=&#8221;post_content&#8221;][et_pb_text disabled_on=&#8221;on|off|off&#8221; _builder_version=&#8221;4.27.4&#8243; _module_preset=&#8221;default&#8221; header_text_color=&#8221;#394343&#8243; header_font_size=&#8221;49px&#8221; header_2_text_color=&#8221;#00A3E3&#8243; header_2_font_size=&#8221;38px&#8221; header_4_text_color=&#8221;#394343&#8243; header_4_font_size=&#8221;54px&#8221; header_6_font_size=&#8221;49px&#8221; background_color=&#8221;#FFFFFF&#8221; background_color_gradient_end=&#8221;rgba(41,196,169,0)&#8221; width=&#8221;50%&#8221; module_alignment=&#8221;right&#8221; custom_padding=&#8221;23px|8px|13px|50px|false|false&#8221; border_color_bottom=&#8221;#394343&#8243; border_width_left=&#8221;10px&#8221; border_color_left=&#8221;#394343&#8243; global_colors_info=&#8221;{}&#8221; theme_builder_area=&#8221;post_content&#8221;]<\/p>\n<h4>PL\u00c4NE &amp; PREISE<\/h4>\n<h2>Berechnen Sie ihr Budget<\/h2>\n<p>[\/et_pb_text][\/et_pb_column][\/et_pb_row][\/et_pb_section][et_pb_section fb_built=&#8221;1&#8243; _builder_version=&#8221;4.16&#8243; _module_preset=&#8221;default&#8221; global_colors_info=&#8221;{}&#8221; theme_builder_area=&#8221;post_content&#8221;][et_pb_row _builder_version=&#8221;4.16&#8243; _module_preset=&#8221;default&#8221; custom_margin=&#8221;-61px||||false|false&#8221; global_colors_info=&#8221;{}&#8221; theme_builder_area=&#8221;post_content&#8221;][et_pb_column type=&#8221;4_4&#8243; _builder_version=&#8221;4.16&#8243; _module_preset=&#8221;default&#8221; global_colors_info=&#8221;{}&#8221; theme_builder_area=&#8221;post_content&#8221;][et_pb_divider show_divider=&#8221;off&#8221; _builder_version=&#8221;4.27.4&#8243; _module_preset=&#8221;default&#8221; min_height=&#8221;50px&#8221; global_colors_info=&#8221;{}&#8221; theme_builder_area=&#8221;post_content&#8221;][\/et_pb_divider][et_pb_text _builder_version=&#8221;4.27.4&#8243; _module_preset=&#8221;default&#8221; global_colors_info=&#8221;{}&#8221; theme_builder_area=&#8221;post_content&#8221;]<\/p>\n<h1 style=\"text-align: center;\">Pl\u00e4ne<\/h1>\n<p style=\"text-align: center;\"><span style=\"color: #e02b20;\"><strong>Um Ihnen den besten Service zu bieten, ber\u00fccksichtigen wir nur die Anzahl der gleichzeitig (parallel) am System angemeldeten Benutzer, bekannt als &#8220;concurrent user&#8221;. \u00a0<\/strong><\/span><span style=\"color: #e02b20;\"><strong>Nur f\u00fcr diese gleichzeitig aktiven Benutzer ben\u00f6tigen Sie jeweils eine Lizenz. Unabh\u00e4ngig davon, k\u00f6nnen Sie <em>uneingeschr\u00e4nkt viele Benutzer im System registrieren. <\/em><\/strong><\/span><\/p>\n<p>[\/et_pb_text][et_pb_pricing_tables featured_table_background_color=&#8221;RGBA(255,255,255,0)&#8221; featured_table_header_background_color=&#8221;#00A3E3&#8243; featured_table_header_text_color=&#8221;#E02B20&#8243; header_background_color=&#8221;#00A3E3&#8243; show_bullet=&#8221;off&#8221; _builder_version=&#8221;4.27.4&#8243; _module_preset=&#8221;default&#8221; background_color=&#8221;#FFFFFF&#8221; border_radii=&#8221;on|10px|10px|10px|10px&#8221; border_color_all=&#8221;#394343&#8243; border_style_all=&#8221;outset&#8221; global_colors_info=&#8221;{}&#8221; theme_builder_area=&#8221;post_content&#8221;][et_pb_pricing_table title=&#8221;Free-Edition&#8221; subtitle=&#8221;1 Concurrent User \/ Month&#8221; sum=&#8221;0 \u20ac&#8221; _builder_version=&#8221;4.27.4&#8243; _module_preset=&#8221;default&#8221; global_colors_info=&#8221;{}&#8221; sticky_transition=&#8221;on&#8221; theme_builder_area=&#8221;post_content&#8221;]<\/p>\n<p><strong>Proben: Max. 100<\/strong><\/p>\n<p><strong>Nutzer parallel: Maximal 2 Nutzer<\/strong><\/p>\n<p><strong>Nutzer insgesamt: Unbegrenzt<\/strong><\/p>\n<p><strong>Funktionalit\u00e4t: 100%<\/strong><\/p>\n<p>[\/et_pb_pricing_table][et_pb_pricing_table title=&#8221;University&#8221; subtitle=&#8221;1 Concurrent User \/ Month&#8221; sum=&#8221;30 \u20ac&#8221; _builder_version=&#8221;4.27.4&#8243; _module_preset=&#8221;default&#8221; global_colors_info=&#8221;{}&#8221; sticky_transition=&#8221;on&#8221; theme_builder_area=&#8221;post_content&#8221;]<\/p>\n<p><strong>Proben: Unbegrenzt<\/strong><\/p>\n<p><strong>Nutzer parallel: Maximal 2 Nutzer<\/strong><\/p>\n<p><strong>Nutzer insgesamt: Unbegrenzt<\/strong><\/p>\n<p><strong>Funktionalit\u00e4t: 100%<\/strong><\/p>\n<p>[\/et_pb_pricing_table][et_pb_pricing_table title=&#8221;Industry Essentiel&#8221; subtitle=&#8221;1 Concurrent User \/ Month&#8221; sum=&#8221;70 \u20ac&#8221; _builder_version=&#8221;4.27.4&#8243; _module_preset=&#8221;default&#8221; global_colors_info=&#8221;{}&#8221; sticky_transition=&#8221;on&#8221; theme_builder_area=&#8221;post_content&#8221;]<\/p>\n<p><strong>Proben: Max. 5000<\/strong><\/p>\n<p><strong>Nutzer parallel: Lizenzabh\u00e4ngig<\/strong><\/p>\n<p><strong>Nutzer insgesamt: Unbegrenzt<\/strong><\/p>\n<p><strong>Funktionalit\u00e4t: 100%<\/strong><\/p>\n<p>[\/et_pb_pricing_table][et_pb_pricing_table title=&#8221;Industry Premium&#8221; subtitle=&#8221;1 Concurrent User \/ Month&#8221; sum=&#8221;140 \u20ac&#8221; _builder_version=&#8221;4.27.4&#8243; _module_preset=&#8221;default&#8221; global_colors_info=&#8221;{}&#8221; sticky_transition=&#8221;on&#8221; theme_builder_area=&#8221;post_content&#8221;]<\/p>\n<p><strong>Proben: Unbegrenzt<\/strong><\/p>\n<p><strong>Nutzer parallel: Lizenzabh\u00e4ngig<\/strong><\/p>\n<p><strong>Nutzer insgesamt: Unbegrenzt<\/strong><\/p>\n<p><strong>Funktionalit\u00e4t: 100%<\/strong><\/p>\n<p>[\/et_pb_pricing_table][\/et_pb_pricing_tables][et_pb_text _builder_version=&#8221;4.27.4&#8243; _module_preset=&#8221;default&#8221; global_colors_info=&#8221;{}&#8221; theme_builder_area=&#8221;post_content&#8221;]<\/p>\n<h1 style=\"text-align: center;\"><\/h1>\n<h1 style=\"text-align: center;\"><\/h1>\n<h1 style=\"text-align: center;\"><\/h1>\n<h1 style=\"text-align: center;\"><\/h1>\n<h1 style=\"text-align: center;\"><\/h1>\n<h1 style=\"text-align: center;\">Preise &amp; Budgetrechner<\/h1>\n<p style=\"text-align: center;\">\n<p>[\/et_pb_text][et_pb_text _builder_version=&#8221;4.27.4&#8243; _module_preset=&#8221;default&#8221; global_colors_info=&#8221;{}&#8221; theme_builder_area=&#8221;post_content&#8221;]\n<div class=\"ccb-main-widget \" id=\"ccb_app_9744\" data-calc-id=\"9744\"><\/div>\n[\/et_pb_text][et_pb_text _builder_version=&#8221;4.27.4&#8243; _module_preset=&#8221;default&#8221; custom_margin=&#8221;|||0px|false|false&#8221; global_colors_info=&#8221;{}&#8221; theme_builder_area=&#8221;post_content&#8221;]<\/p>\n<p style=\"font-weight: 400; text-align: center;\">Die Lizenzkosten werden j\u00e4hrlich f\u00fcr das laufende Jahr in Rechnung gestellt. Alle Preisangaben ohne Umsatzsteuer. \u00c4nderungen vorbehalten. Stand der Preise: 25. Oktober 2024.\u00a0<\/p>\n<p>[\/et_pb_text][\/et_pb_column][\/et_pb_row][\/et_pb_section][et_pb_section fb_built=&#8221;1&#8243; _builder_version=&#8221;4.16&#8243; _module_preset=&#8221;default&#8221; background_enable_color=&#8221;off&#8221; background_image=&#8221;https:\/\/medeora.beeaware.de\/wp-content\/uploads\/2022\/01\/medeora-trenner-kontakt-02.jpg&#8221; parallax=&#8221;on&#8221; height=&#8221;350px&#8221; custom_margin=&#8221;-57px||||false|false&#8221; top_divider_style=&#8221;curve&#8221; top_divider_color=&#8221;#FFFFFF&#8221; top_divider_height_tablet=&#8221;&#8221; top_divider_height_phone=&#8221;15px&#8221; top_divider_height_last_edited=&#8221;on|phone&#8221; bottom_divider_style=&#8221;curve&#8221; bottom_divider_color=&#8221;#FFFFFF&#8221; bottom_divider_height_tablet=&#8221;&#8221; bottom_divider_height_phone=&#8221;20px&#8221; bottom_divider_height_last_edited=&#8221;on|phone&#8221; locked=&#8221;off&#8221; global_colors_info=&#8221;{}&#8221; theme_builder_area=&#8221;post_content&#8221;][et_pb_row use_custom_gutter=&#8221;on&#8221; gutter_width=&#8221;1&#8243; custom_padding_last_edited=&#8221;on|phone&#8221; _builder_version=&#8221;4.16&#8243; _module_preset=&#8221;default&#8221; background_enable_image=&#8221;off&#8221; parallax=&#8221;on&#8221; width=&#8221;40%&#8221; width_tablet=&#8221;40%&#8221; width_phone=&#8221;100%&#8221; width_last_edited=&#8221;on|phone&#8221; custom_margin=&#8221;15px||||false|false&#8221; custom_margin_tablet=&#8221;15px||||false|false&#8221; custom_margin_phone=&#8221;15px||||false|false&#8221; custom_margin_last_edited=&#8221;on|phone&#8221; custom_padding=&#8221;0px|||||&#8221; custom_padding_tablet=&#8221;0px|||||&#8221; custom_padding_phone=&#8221;0px|||||&#8221; locked=&#8221;off&#8221; global_colors_info=&#8221;{}&#8221; theme_builder_area=&#8221;post_content&#8221;][et_pb_column type=&#8221;4_4&#8243; _builder_version=&#8221;4.16&#8243; _module_preset=&#8221;default&#8221; global_colors_info=&#8221;{}&#8221; theme_builder_area=&#8221;post_content&#8221;][et_pb_cta title=&#8221;Jetzt einen Termin vereinbaren &#8221; button_url=&#8221;https:\/\/medeora.de\/kontakt\/&#8221; button_text=&#8221;Kontakt&#8221; _builder_version=&#8221;4.16&#8243; _module_preset=&#8221;default&#8221; header_level=&#8221;h1&#8243; header_font=&#8221;anteb-light||||||||&#8221; background_color=&#8221;#00A3E3&#8243; custom_button=&#8221;on&#8221; button_text_size=&#8221;16px&#8221; button_text_color=&#8221;#FFFFFF&#8221; button_bg_color=&#8221;#C83742&#8243; button_border_width=&#8221;0px&#8221; button_border_radius=&#8221;21px&#8221; button_font=&#8221;anteb-bold||||||||&#8221; width_tablet=&#8221;&#8221; width_phone=&#8221;79%&#8221; width_last_edited=&#8221;on|phone&#8221; custom_margin=&#8221;63px|93px||42px|false|false&#8221; custom_padding=&#8221;|45px||37px|false|false&#8221; link_option_url=&#8221;https:\/\/medeora.de\/kontakt\/&#8221; body_font_size_tablet=&#8221;&#8221; body_font_size_phone=&#8221;15px&#8221; body_font_size_last_edited=&#8221;on|phone&#8221; border_radii=&#8221;on|22px|22px|22px|22px&#8221; global_colors_info=&#8221;{}&#8221; theme_builder_area=&#8221;post_content&#8221;]<\/p>\n<p>Gerne zeigen wir Ihnen unsere Software unverbindlich in einem Webinar oder bieten eine kostenlose Erstberatung.<\/p>\n<p>&nbsp;<\/p>\n<h4><strong>Sprechen Sie uns an!<\/strong><\/h4>\n<p>[\/et_pb_cta][\/et_pb_column][\/et_pb_row][\/et_pb_section][et_pb_section fb_built=&#8221;1&#8243; _builder_version=&#8221;4.16&#8243; _module_preset=&#8221;default&#8221; background_color=&#8221;RGBA(0,0,0,0)&#8221; custom_margin=&#8221;86px||||false|false&#8221; locked=&#8221;off&#8221; global_colors_info=&#8221;{}&#8221; theme_builder_area=&#8221;post_content&#8221;][\/et_pb_section]\n<div class=\"ccb-main-widget \" id=\"ccb_app_9783\" data-calc-id=\"9783\"><\/div>\n<\/p>\n","protected":false},"excerpt":{"rendered":"<p>PL\u00c4NE &amp; PREISE Berechnen Sie ihr BudgetPl\u00e4ne Um Ihnen den besten Service zu bieten, ber\u00fccksichtigen wir nur die Anzahl der gleichzeitig (parallel) am System angemeldeten Benutzer, bekannt als &#8220;concurrent user&#8221;. \u00a0Nur f\u00fcr diese gleichzeitig aktiven Benutzer ben\u00f6tigen Sie jeweils eine Lizenz. Unabh\u00e4ngig davon, k\u00f6nnen Sie uneingeschr\u00e4nkt viele Benutzer im System registrieren. Proben: Max. 100 Nutzer parallel: Maximal 2 Nutzer Nutzer insgesamt: Unbegrenzt Funktionalit\u00e4t: 100%Proben: Unbegrenzt Nutzer parallel: Maximal 2 Nutzer Nutzer insgesamt: Unbegrenzt Funktionalit\u00e4t: 100%Proben: Max. 5000 Nutzer parallel: Lizenzabh\u00e4ngig Nutzer insgesamt: Unbegrenzt Funktionalit\u00e4t: 100%Proben: Unbegrenzt Nutzer parallel: Lizenzabh\u00e4ngig Nutzer insgesamt: Unbegrenzt Funktionalit\u00e4t: 100% Preise &amp; Budgetrechner \n<div class=\"ccb-main-widget \" id=\"ccb_app_9744\" data-calc-id=\"9744\"><\/div>\nDie Lizenzkosten werden j\u00e4hrlich f\u00fcr das laufende Jahr in Rechnung gestellt. Alle Preisangaben ohne Umsatzsteuer. \u00c4nderungen vorbehalten. Stand der Preise: 25. Oktober 2024.\u00a0Gerne zeigen wir Ihnen unsere Software unverbindlich in einem Webinar oder bieten eine kostenlose Erstberatung. &nbsp; Sprechen Sie uns an!\n<div class=\"ccb-main-widget \" id=\"ccb_app_9783\" data-calc-id=\"9783\"><\/div>\n<\/p>\n","protected":false},"author":1,"featured_media":0,"parent":0,"menu_order":0,"comment_status":"closed","ping_status":"closed","template":"","meta":{"_et_pb_use_builder":"on","_et_pb_old_content":"","_et_gb_content_width":"","_joinchat":[],"footnotes":""},"class_list":["post-9786","page","type-page","status-publish","hentry"],"yoast_head":"<!-- This site is optimized with the Yoast SEO plugin v27.3 - https:\/\/yoast.com\/product\/yoast-seo-wordpress\/ -->\n<title>Prise Test - medeora.de<\/title>\n<meta name=\"robots\" content=\"index, follow, max-snippet:-1, max-image-preview:large, max-video-preview:-1\" \/>\n<link rel=\"canonical\" href=\"https:\/\/medeora.de\/en\/prise-test\/\" \/>\n<meta property=\"og:locale\" content=\"en_US\" \/>\n<meta property=\"og:type\" content=\"article\" \/>\n<meta property=\"og:title\" content=\"Prise Test - medeora.de\" \/>\n<meta property=\"og:description\" content=\"PL\u00c4NE &amp; PREISE Berechnen Sie ihr BudgetPl\u00e4ne Um Ihnen den besten Service zu bieten, ber\u00fccksichtigen wir nur die Anzahl der gleichzeitig (parallel) am System angemeldeten Benutzer, bekannt als &quot;concurrent user&quot;. \u00a0Nur f\u00fcr diese gleichzeitig aktiven Benutzer ben\u00f6tigen Sie jeweils eine Lizenz. Unabh\u00e4ngig davon, k\u00f6nnen Sie uneingeschr\u00e4nkt viele Benutzer im System registrieren. Proben: Max. 100 Nutzer parallel: Maximal 2 Nutzer Nutzer insgesamt: Unbegrenzt Funktionalit\u00e4t: 100%Proben: Unbegrenzt Nutzer parallel: Maximal 2 Nutzer Nutzer insgesamt: Unbegrenzt Funktionalit\u00e4t: 100%Proben: Max. 5000 Nutzer parallel: Lizenzabh\u00e4ngig Nutzer insgesamt: Unbegrenzt Funktionalit\u00e4t: 100%Proben: Unbegrenzt Nutzer parallel: Lizenzabh\u00e4ngig Nutzer insgesamt: Unbegrenzt Funktionalit\u00e4t: 100% Preise &amp; Budgetrechner Die Lizenzkosten werden j\u00e4hrlich f\u00fcr das laufende Jahr in Rechnung gestellt. Alle Preisangaben ohne Umsatzsteuer. \u00c4nderungen vorbehalten. Stand der Preise: 25. Oktober 2024.\u00a0Gerne zeigen wir Ihnen unsere Software unverbindlich in einem Webinar oder bieten eine kostenlose Erstberatung. &nbsp; Sprechen Sie uns an!\" \/>\n<meta property=\"og:url\" content=\"https:\/\/medeora.de\/en\/prise-test\/\" \/>\n<meta property=\"og:site_name\" content=\"medeora.de\" \/>\n<meta property=\"article:modified_time\" content=\"2025-11-06T12:15:03+00:00\" \/>\n<meta name=\"twitter:card\" content=\"summary_large_image\" \/>\n<meta name=\"twitter:label1\" content=\"Est. reading time\" \/>\n\t<meta name=\"twitter:data1\" content=\"2 minutes\" \/>\n<script type=\"application\/ld+json\" class=\"yoast-schema-graph\">{\"@context\":\"https:\\\/\\\/schema.org\",\"@graph\":[{\"@type\":\"WebPage\",\"@id\":\"https:\\\/\\\/medeora.de\\\/en\\\/prise-test\\\/\",\"url\":\"https:\\\/\\\/medeora.de\\\/en\\\/prise-test\\\/\",\"name\":\"Prise Test - medeora.de\",\"isPartOf\":{\"@id\":\"https:\\\/\\\/medeora.de\\\/en\\\/#website\"},\"datePublished\":\"2025-11-06T12:14:23+00:00\",\"dateModified\":\"2025-11-06T12:15:03+00:00\",\"breadcrumb\":{\"@id\":\"https:\\\/\\\/medeora.de\\\/en\\\/prise-test\\\/#breadcrumb\"},\"inLanguage\":\"en-US\",\"potentialAction\":[{\"@type\":\"ReadAction\",\"target\":[\"https:\\\/\\\/medeora.de\\\/en\\\/prise-test\\\/\"]}]},{\"@type\":\"BreadcrumbList\",\"@id\":\"https:\\\/\\\/medeora.de\\\/en\\\/prise-test\\\/#breadcrumb\",\"itemListElement\":[{\"@type\":\"ListItem\",\"position\":1,\"name\":\"Startseite\",\"item\":\"https:\\\/\\\/medeora.de\\\/en\\\/home\\\/\"},{\"@type\":\"ListItem\",\"position\":2,\"name\":\"Prise Test\"}]},{\"@type\":\"WebSite\",\"@id\":\"https:\\\/\\\/medeora.de\\\/en\\\/#website\",\"url\":\"https:\\\/\\\/medeora.de\\\/en\\\/\",\"name\":\"medeora.de\",\"description\":\"\",\"potentialAction\":[{\"@type\":\"SearchAction\",\"target\":{\"@type\":\"EntryPoint\",\"urlTemplate\":\"https:\\\/\\\/medeora.de\\\/en\\\/?s={search_term_string}\"},\"query-input\":{\"@type\":\"PropertyValueSpecification\",\"valueRequired\":true,\"valueName\":\"search_term_string\"}}],\"inLanguage\":\"en-US\"}]}<\/script>\n<!-- \/ Yoast SEO plugin. -->","yoast_head_json":{"title":"Prise Test - medeora.de","robots":{"index":"index","follow":"follow","max-snippet":"max-snippet:-1","max-image-preview":"max-image-preview:large","max-video-preview":"max-video-preview:-1"},"canonical":"https:\/\/medeora.de\/en\/prise-test\/","og_locale":"en_US","og_type":"article","og_title":"Prise Test - medeora.de","og_description":"PL\u00c4NE &amp; PREISE Berechnen Sie ihr BudgetPl\u00e4ne Um Ihnen den besten Service zu bieten, ber\u00fccksichtigen wir nur die Anzahl der gleichzeitig (parallel) am System angemeldeten Benutzer, bekannt als \"concurrent user\". \u00a0Nur f\u00fcr diese gleichzeitig aktiven Benutzer ben\u00f6tigen Sie jeweils eine Lizenz. Unabh\u00e4ngig davon, k\u00f6nnen Sie uneingeschr\u00e4nkt viele Benutzer im System registrieren. Proben: Max. 100 Nutzer parallel: Maximal 2 Nutzer Nutzer insgesamt: Unbegrenzt Funktionalit\u00e4t: 100%Proben: Unbegrenzt Nutzer parallel: Maximal 2 Nutzer Nutzer insgesamt: Unbegrenzt Funktionalit\u00e4t: 100%Proben: Max. 5000 Nutzer parallel: Lizenzabh\u00e4ngig Nutzer insgesamt: Unbegrenzt Funktionalit\u00e4t: 100%Proben: Unbegrenzt Nutzer parallel: Lizenzabh\u00e4ngig Nutzer insgesamt: Unbegrenzt Funktionalit\u00e4t: 100% Preise &amp; Budgetrechner Die Lizenzkosten werden j\u00e4hrlich f\u00fcr das laufende Jahr in Rechnung gestellt. Alle Preisangaben ohne Umsatzsteuer. \u00c4nderungen vorbehalten. Stand der Preise: 25. Oktober 2024.\u00a0Gerne zeigen wir Ihnen unsere Software unverbindlich in einem Webinar oder bieten eine kostenlose Erstberatung. &nbsp; Sprechen Sie uns an!","og_url":"https:\/\/medeora.de\/en\/prise-test\/","og_site_name":"medeora.de","article_modified_time":"2025-11-06T12:15:03+00:00","twitter_card":"summary_large_image","twitter_misc":{"Est. reading time":"2 minutes"},"schema":{"@context":"https:\/\/schema.org","@graph":[{"@type":"WebPage","@id":"https:\/\/medeora.de\/en\/prise-test\/","url":"https:\/\/medeora.de\/en\/prise-test\/","name":"Prise Test - medeora.de","isPartOf":{"@id":"https:\/\/medeora.de\/en\/#website"},"datePublished":"2025-11-06T12:14:23+00:00","dateModified":"2025-11-06T12:15:03+00:00","breadcrumb":{"@id":"https:\/\/medeora.de\/en\/prise-test\/#breadcrumb"},"inLanguage":"en-US","potentialAction":[{"@type":"ReadAction","target":["https:\/\/medeora.de\/en\/prise-test\/"]}]},{"@type":"BreadcrumbList","@id":"https:\/\/medeora.de\/en\/prise-test\/#breadcrumb","itemListElement":[{"@type":"ListItem","position":1,"name":"Startseite","item":"https:\/\/medeora.de\/en\/home\/"},{"@type":"ListItem","position":2,"name":"Prise Test"}]},{"@type":"WebSite","@id":"https:\/\/medeora.de\/en\/#website","url":"https:\/\/medeora.de\/en\/","name":"medeora.de","description":"","potentialAction":[{"@type":"SearchAction","target":{"@type":"EntryPoint","urlTemplate":"https:\/\/medeora.de\/en\/?s={search_term_string}"},"query-input":{"@type":"PropertyValueSpecification","valueRequired":true,"valueName":"search_term_string"}}],"inLanguage":"en-US"}]}},"_links":{"self":[{"href":"https:\/\/medeora.de\/en\/wp-json\/wp\/v2\/pages\/9786","targetHints":{"allow":["GET"]}}],"collection":[{"href":"https:\/\/medeora.de\/en\/wp-json\/wp\/v2\/pages"}],"about":[{"href":"https:\/\/medeora.de\/en\/wp-json\/wp\/v2\/types\/page"}],"author":[{"embeddable":true,"href":"https:\/\/medeora.de\/en\/wp-json\/wp\/v2\/users\/1"}],"replies":[{"embeddable":true,"href":"https:\/\/medeora.de\/en\/wp-json\/wp\/v2\/comments?post=9786"}],"version-history":[{"count":3,"href":"https:\/\/medeora.de\/en\/wp-json\/wp\/v2\/pages\/9786\/revisions"}],"predecessor-version":[{"id":9789,"href":"https:\/\/medeora.de\/en\/wp-json\/wp\/v2\/pages\/9786\/revisions\/9789"}],"wp:attachment":[{"href":"https:\/\/medeora.de\/en\/wp-json\/wp\/v2\/media?parent=9786"}],"curies":[{"name":"wp","href":"https:\/\/api.w.org\/{rel}","templated":true}]}}