{"id":7742,"date":"2022-01-05T10:55:07","date_gmt":"2022-01-05T09:55:07","guid":{"rendered":"https:\/\/medeora.de\/calculadora-de-presupuesto\/"},"modified":"2025-09-05T11:26:38","modified_gmt":"2025-09-05T09:26:38","slug":"calculadora-de-presupuesto","status":"publish","type":"page","link":"https:\/\/medeora.de\/es\/calculadora-de-presupuesto\/","title":{"rendered":"Calculadora de presupuesto"},"content":{"rendered":"<p>[et_pb_section fb_built=\u00bb1&#8243; admin_label=\u00bbSektion\u00bb _builder_version=\u00bb4.16&#8243; _module_preset=\u00bbdefault\u00bb background_enable_color=\u00bboff\u00bb background_image=\u00bbhttps:\/\/medeora.beeaware.de\/wp-content\/uploads\/2022\/01\/header-budgetrechner-medeora.jpg\u00bb width=\u00bb100%\u00bb module_alignment=\u00bbcenter\u00bb min_height=\u00bb100px\u00bb min_height_tablet=\u00bb100px\u00bb min_height_phone=\u00bb100px\u00bb min_height_last_edited=\u00bbon|phone\u00bb bottom_divider_style=\u00bbcurve\u00bb bottom_divider_color=\u00bb#FFFFFF\u00bb bottom_divider_repeat=\u00bb1x\u00bb bottom_divider_flip=\u00bbhorizontal\u00bb bottom_divider_arrangement=\u00bbabove_content\u00bb bottom_divider_height_tablet=\u00bb\u00bb bottom_divider_height_phone=\u00bb17px\u00bb bottom_divider_height_last_edited=\u00bbon|phone\u00bb locked=\u00bboff\u00bb global_colors_info=\u00bb{}\u00bb][et_pb_row disabled_on=\u00bbon|off|off\u00bb _builder_version=\u00bb4.16&#8243; _module_preset=\u00bbdefault\u00bb width=\u00bb100%\u00bb custom_margin=\u00bb146px||||false|false\u00bb global_colors_info=\u00bb{}\u00bb][et_pb_column type=\u00bb4_4&#8243; _builder_version=\u00bb4.16&#8243; _module_preset=\u00bbdefault\u00bb global_colors_info=\u00bb{}\u00bb][et_pb_text disabled_on=\u00bbon|off|off\u00bb _builder_version=\u00bb4.27.4&#8243; _module_preset=\u00bbdefault\u00bb header_text_color=\u00bb#394343&#8243; header_font_size=\u00bb49px\u00bb header_2_text_color=\u00bb#00A3E3&#8243; header_2_font_size=\u00bb38px\u00bb header_4_text_color=\u00bb#394343&#8243; header_4_font_size=\u00bb54px\u00bb header_6_font_size=\u00bb49px\u00bb background_color=\u00bb#FFFFFF\u00bb background_color_gradient_end=\u00bbrgba(41,196,169,0)\u00bb width=\u00bb50%\u00bb module_alignment=\u00bbright\u00bb custom_padding=\u00bb23px|8px|13px|50px|false|false\u00bb border_color_bottom=\u00bb#394343&#8243; border_width_left=\u00bb10px\u00bb border_color_left=\u00bb#394343&#8243; global_colors_info=\u00bb{}\u00bb]<\/p>\n<h4>PLANES &amp; PRECIOS<\/h4>\n<h2>Calcula tu presupuesto<\/h2>\n<p>[\/et_pb_text][\/et_pb_column][\/et_pb_row][\/et_pb_section][et_pb_section fb_built=\u00bb1&#8243; _builder_version=\u00bb4.16&#8243; _module_preset=\u00bbdefault\u00bb global_colors_info=\u00bb{}\u00bb][et_pb_row _builder_version=\u00bb4.16&#8243; _module_preset=\u00bbdefault\u00bb custom_margin=\u00bb-61px||||false|false\u00bb global_colors_info=\u00bb{}\u00bb][et_pb_column type=\u00bb4_4&#8243; _builder_version=\u00bb4.16&#8243; _module_preset=\u00bbdefault\u00bb global_colors_info=\u00bb{}\u00bb][et_pb_divider show_divider=\u00bboff\u00bb _builder_version=\u00bb4.27.4&#8243; _module_preset=\u00bbdefault\u00bb min_height=\u00bb50px\u00bb global_colors_info=\u00bb{}\u00bb][\/et_pb_divider][et_pb_text _builder_version=\u00bb4.27.4&#8243; _module_preset=\u00bbdefault\u00bb global_colors_info=\u00bb{}\u00bb]<\/p>\n<h1 style=\"text-align: center;\">Planes<\/h1>\n<p style=\"text-align: center;\"><span style=\"color: #e02b20;\"><strong>Para ofrecerte el mejor servicio, s\u00f3lo tenemos en cuenta el n\u00famero de usuarios conectados al sistema al mismo tiempo (en paralelo), lo que se conoce como \u00abusuarios concurrentes\u00bb.  <\/strong><\/span><span style=\"color: #e02b20;\"><strong>S\u00f3lo necesitas una licencia por cada uno de estos usuarios activos simult\u00e1neamente. Independientemente de esto, puedes <em>registrar un n\u00famero ilimitado de usuarios en el sistema. <\/em>  <\/strong><\/span><\/p>\n<p>[\/et_pb_text][et_pb_pricing_tables featured_table_background_color=\u00bbRGBA(255,255,255,0)\u00bb featured_table_header_background_color=\u00bb#00A3E3&#8243; featured_table_header_text_color=\u00bb#E02B20&#8243; header_background_color=\u00bb#00A3E3&#8243; show_bullet=\u00bboff\u00bb _builder_version=\u00bb4.27.4&#8243; _module_preset=\u00bbdefault\u00bb background_color=\u00bb#FFFFFF\u00bb border_radii=\u00bbon|10px|10px|10px|10px\u00bb border_color_all=\u00bb#394343&#8243; border_style_all=\u00bboutset\u00bb global_colors_info=\u00bb{}\u00bb][et_pb_pricing_table title=\u00bbEdici\u00f3n gratuita\u00bb subtitle=\u00bb1 usuario concurrente \/ mes\u00bb sum=\u00bb0 \u20ac\u00bb _builder_version=\u00bb4.27.4&#8243; _module_preset=\u00bbdefault\u00bb global_colors_info=\u00bb{}\u00bb sticky_transition=\u00bbon\u00bb]<\/p>\n<p><strong>Muestras: M\u00e1x. 100<\/strong><\/p>\n<p><strong>Usuarios en paralelo: M\u00e1ximo 2 usuarios<\/strong><\/p>\n<p><strong>Total de usuarios: Ilimitado<\/strong><\/p>\n<p><strong>Funcionalidad: 100%.<\/strong><\/p>\n<p>[\/et_pb_pricing_table][et_pb_pricing_table title=\u00bbUniversidad\u00bb subtitle=\u00bb1 usuario concurrente \/ mes\u00bb sum=\u00bb30 \u20ac\u00bb _builder_version=\u00bb4.27.4&#8243; _module_preset=\u00bbdefault\u00bb global_colors_info=\u00bb{}\u00bb sticky_transition=\u00bbon\u00bb]<\/p>\n<p><strong>Muestras: Ilimitadas<\/strong><\/p>\n<p><strong>Usuarios en paralelo: M\u00e1ximo 2 usuarios<\/strong><\/p>\n<p><strong>Total de usuarios: Ilimitado<\/strong><\/p>\n<p><strong>Funcionalidad: 100%.<\/strong><\/p>\n<p>[\/et_pb_pricing_table][et_pb_pricing_table title=\u00bbIndustria Essentiel\u00bb subtitle=\u00bb1 usuario concurrente \/ mes\u00bb sum=\u00bb70 \u20ac\u00bb _builder_version=\u00bb4.27.4&#8243; _module_preset=\u00bbdefault\u00bb global_colors_info=\u00bb{}\u00bb sticky_transition=\u00bbon\u00bb]<\/p>\n<p><strong>Muestras: M\u00e1x. 5000<\/strong><\/p>\n<p><strong>Usuarios paralelos: depende de la licencia<\/strong><\/p>\n<p><strong>Total de usuarios: Ilimitado<\/strong><\/p>\n<p><strong>Funcionalidad: 100%.<\/strong><\/p>\n<p>[\/et_pb_pricing_table][et_pb_pricing_table title=\u00bbIndustria Premium\u00bb subtitle=\u00bb1 usuario concurrente \/ mes\u00bb sum=\u00bb140 \u20ac\u00bb _builder_version=\u00bb4.27.4&#8243; _module_preset=\u00bbdefault\u00bb global_colors_info=\u00bb{}\u00bb sticky_transition=\u00bbon\u00bb]<\/p>\n<p><strong>Muestras: Ilimitadas<\/strong><\/p>\n<p><strong>Usuarios paralelos: depende de la licencia<\/strong><\/p>\n<p><strong>Total de usuarios: Ilimitado<\/strong><\/p>\n<p><strong>Funcionalidad: 100%.<\/strong><\/p>\n<p>[\/et_pb_pricing_table][\/et_pb_pricing_tables][et_pb_text _builder_version=\u00bb4.27.4&#8243; _module_preset=\u00bbdefault\u00bb global_colors_info=\u00bb{}\u00bb]<\/p>\n<h1 style=\"text-align: center;\"><\/h1>\n<h1 style=\"text-align: center;\"><\/h1>\n<h1 style=\"text-align: center;\"><\/h1>\n<h1 style=\"text-align: center;\"><\/h1>\n<h1 style=\"text-align: center;\"><\/h1>\n<h1 style=\"text-align: center;\">Calculadora de precios y presupuestos<\/h1>\n<p style=\"text-align: center;\">\n<p>[\/et_pb_text][et_pb_text _builder_version=\u00bb4.27.4&#8243; _module_preset=\u00bbdefault\u00bb global_colors_info=\u00bb{}\u00bb]<\/p>\n\n<div class=\"ccb-main-widget \" id=\"ccb_app_5787\" data-calc-id=\"5787\"><\/div>\n\n<p>[\/et_pb_text][et_pb_text _builder_version=\u00bb4.27.4&#8243; _module_preset=\u00bbdefault\u00bb custom_margin=\u00bb|||0px|false|false\u00bb global_colors_info=\u00bb{}\u00bb]<\/p>\n<p style=\"font-weight: 400; text-align: center;\">Los costes de la licencia se facturan anualmente por el a\u00f1o en curso. Todos los precios son sin IVA. Sujeto a cambios sin previo aviso. Estado de los precios: 25 de octubre de 2024.  <\/p>\n<p>[\/et_pb_text][\/et_pb_column][\/et_pb_row][\/et_pb_section][et_pb_section fb_built=\u00bb1&#8243; _builder_version=\u00bb4.16&#8243; _module_preset=\u00bbdefault\u00bb background_enable_color=\u00bboff\u00bb background_image=\u00bbhttps:\/\/medeora.beeaware.de\/wp-content\/uploads\/2022\/01\/medeora-trenner-kontakt-02.jpg\u00bb parallax=\u00bbon\u00bb height=\u00bb350px\u00bb custom_margin=\u00bb-57px||||false|false\u00bb top_divider_style=\u00bbcurve\u00bb top_divider_color=\u00bb#FFFFFF\u00bb top_divider_height_tablet=\u00bb\u00bb top_divider_height_phone=\u00bb15px\u00bb top_divider_height_last_edited=\u00bbon|phone\u00bb bottom_divider_style=\u00bbcurve\u00bb bottom_divider_color=\u00bb#FFFFFF\u00bb bottom_divider_height_tablet=\u00bb\u00bb bottom_divider_height_phone=\u00bb20px\u00bb bottom_divider_height_last_edited=\u00bbon|phone\u00bb locked=\u00bboff\u00bb global_colors_info=\u00bb{}\u00bb][et_pb_row use_custom_gutter=\u00bbon\u00bb gutter_width=\u00bb1&#8243; custom_padding_last_edited=\u00bbon|phone\u00bb _builder_version=\u00bb4.16&#8243; _module_preset=\u00bbdefault\u00bb background_enable_image=\u00bboff\u00bb parallax=\u00bbon\u00bb width=\u00bb40%\u00bb width_tablet=\u00bb40%\u00bb width_phone=\u00bb100%\u00bb width_last_edited=\u00bbon|phone\u00bb custom_margin=\u00bb15px||||false|false\u00bb custom_margin_tablet=\u00bb15px||||false|false\u00bb custom_margin_phone=\u00bb15px||||false|false\u00bb custom_margin_last_edited=\u00bbon|phone\u00bb custom_padding=\u00bb0px|||||\u00bb custom_padding_tablet=\u00bb0px|||||\u00bb custom_padding_phone=\u00bb0px|||||\u00bb locked=\u00bboff\u00bb global_colors_info=\u00bb{}\u00bb][et_pb_column type=\u00bb4_4&#8243; _builder_version=\u00bb4.16&#8243; _module_preset=\u00bbdefault\u00bb global_colors_info=\u00bb{}\u00bb][et_pb_cta title=\u00bbPide cita ahora  \u00bb button_url=\u00bbhttps:\/\/medeora.de\/kontakt\/\u00bb button_text=\u00bbContacta con nosotros\u00bb _builder_version=\u00bb4.16&#8243; _module_preset=\u00bbdefault\u00bb header_level=\u00bbh1&#8243; header_font=\u00bbanteb-light||||||||\u00bb background_color=\u00bb#00A3E3&#8243; custom_button=\u00bbon\u00bb button_text_size=\u00bb16px\u00bb button_text_color=\u00bb#FFFFFF\u00bb button_bg_color=\u00bb#C83742&#8243; button_border_width=\u00bb0px\u00bb button_border_radius=\u00bb21px\u00bb button_font=\u00bbanteb-bold||||||||\u00bb width_tablet=\u00bb\u00bb width_phone=\u00bb79%\u00bb width_last_edited=\u00bbon|phone\u00bb custom_margin=\u00bb63px|93px||42px|false|false\u00bb custom_padding=\u00bb|45px||37px|false|false\u00bb link_option_url=\u00bbhttps:\/\/medeora.de\/kontakt\/\u00bb body_font_size_tablet=\u00bb\u00bb body_font_size_phone=\u00bb15px\u00bb body_font_size_last_edited=\u00bbon|phone\u00bb border_radii=\u00bbon|22px|22px|22px|22px\u00bb global_colors_info=\u00bb{}\u00bb]<\/p>\n<p>Estaremos encantados de mostrarte nuestro software en un seminario web no vinculante o de ofrecerte una consulta inicial gratuita.<\/p>\n<p>&nbsp;<\/p>\n<h4><strong>\u00a1Habla con nosotros!<\/strong><\/h4>\n<p>[\/et_pb_cta][\/et_pb_column][\/et_pb_row][\/et_pb_section][et_pb_section fb_built=\u00bb1&#8243; _builder_version=\u00bb4.16&#8243; _module_preset=\u00bbdefault\u00bb background_color=\u00bbRGBA(0,0,0,0)\u00bb custom_margin=\u00bb86px||||false|false\u00bb locked=\u00bboff\u00bb global_colors_info=\u00bb{}\u00bb][\/et_pb_section]<\/p>\n","protected":false},"excerpt":{"rendered":"<p>PLANES &amp; PRECIOS Calcula tu presupuestoPlanes Para ofrecerte el mejor servicio, s\u00f3lo tenemos en cuenta el n\u00famero de usuarios conectados al sistema al mismo tiempo (en paralelo), lo que se conoce como \u00abusuarios concurrentes\u00bb. S\u00f3lo necesitas una licencia por cada uno de estos usuarios activos simult\u00e1neamente. Independientemente de esto, puedes registrar un n\u00famero ilimitado de usuarios en el sistema. Muestras: M\u00e1x. 100 Usuarios en paralelo: M\u00e1ximo 2 usuarios Total de usuarios: Ilimitado Funcionalidad: 100%.Muestras: Ilimitadas Usuarios en paralelo: M\u00e1ximo 2 usuarios Total de usuarios: Ilimitado Funcionalidad: 100%.Muestras: M\u00e1x. 5000 Usuarios paralelos: depende de la licencia Total de usuarios: Ilimitado Funcionalidad: 100%.Muestras: Ilimitadas Usuarios paralelos: depende de la licencia Total de usuarios: Ilimitado Funcionalidad: 100%. Calculadora de precios y presupuestos \n<div class=\"ccb-main-widget \" id=\"ccb_app_5787\" data-calc-id=\"5787\"><\/div>\nLos costes de la licencia se facturan anualmente por el a\u00f1o en curso. Todos los precios son sin IVA. Sujeto a cambios sin previo aviso. Estado de los precios: 25 de octubre de 2024. Estaremos encantados de mostrarte nuestro software en un seminario web no vinculante o de ofrecerte una consulta inicial gratuita. &nbsp; \u00a1Habla con nosotros!<\/p>\n","protected":false},"author":1,"featured_media":0,"parent":0,"menu_order":0,"comment_status":"closed","ping_status":"closed","template":"","meta":{"_et_pb_use_builder":"on","_et_pb_old_content":"","_et_gb_content_width":"","_joinchat":[],"footnotes":""},"class_list":["post-7742","page","type-page","status-publish","hentry"],"yoast_head":"<!-- This site is optimized with the Yoast SEO plugin v27.3 - https:\/\/yoast.com\/product\/yoast-seo-wordpress\/ -->\n<title>Calculadora Presupuestaria para estimar tus Costes de Software - Calculadora de presupuesto<\/title>\n<meta name=\"description\" content=\"Utiliza la Calculadora de presupuesto de Medeora para estimar los costes de tu soluci\u00f3n de software BioARCHIVE, teniendo en cuenta los usuarios concurrentes. Los precios no incluyen el IVA.\" \/>\n<meta name=\"robots\" content=\"index, follow, max-snippet:-1, max-image-preview:large, max-video-preview:-1\" \/>\n<link rel=\"canonical\" href=\"https:\/\/medeora.de\/es\/calculadora-de-presupuesto\/\" \/>\n<meta property=\"og:locale\" content=\"es_ES\" \/>\n<meta property=\"og:type\" content=\"article\" \/>\n<meta property=\"og:title\" content=\"Calculadora Presupuestaria para estimar tus Costes de Software - Calculadora de presupuesto\" \/>\n<meta property=\"og:description\" content=\"Utiliza la Calculadora de presupuesto de Medeora para estimar los costes de tu soluci\u00f3n de software BioARCHIVE, teniendo en cuenta los usuarios concurrentes. Los precios no incluyen el IVA.\" \/>\n<meta property=\"og:url\" content=\"https:\/\/medeora.de\/es\/calculadora-de-presupuesto\/\" \/>\n<meta property=\"og:site_name\" content=\"medeora.de\" \/>\n<meta property=\"article:modified_time\" content=\"2025-09-05T09:26:38+00:00\" \/>\n<meta name=\"twitter:card\" content=\"summary_large_image\" \/>\n<meta name=\"twitter:label1\" content=\"Tiempo de lectura\" \/>\n\t<meta name=\"twitter:data1\" content=\"5 minutos\" \/>\n<script type=\"application\/ld+json\" class=\"yoast-schema-graph\">{\"@context\":\"https:\\\/\\\/schema.org\",\"@graph\":[{\"@type\":\"WebPage\",\"@id\":\"https:\\\/\\\/medeora.de\\\/es\\\/calculadora-de-presupuesto\\\/\",\"url\":\"https:\\\/\\\/medeora.de\\\/es\\\/calculadora-de-presupuesto\\\/\",\"name\":\"Calculadora Presupuestaria para estimar tus Costes de Software - Calculadora de presupuesto\",\"isPartOf\":{\"@id\":\"https:\\\/\\\/medeora.de\\\/es\\\/#website\"},\"datePublished\":\"2022-01-05T09:55:07+00:00\",\"dateModified\":\"2025-09-05T09:26:38+00:00\",\"description\":\"Utiliza la Calculadora de presupuesto de Medeora para estimar los costes de tu soluci\u00f3n de software BioARCHIVE, teniendo en cuenta los usuarios concurrentes. Los precios no incluyen el IVA.\",\"breadcrumb\":{\"@id\":\"https:\\\/\\\/medeora.de\\\/es\\\/calculadora-de-presupuesto\\\/#breadcrumb\"},\"inLanguage\":\"es\",\"potentialAction\":[{\"@type\":\"ReadAction\",\"target\":[\"https:\\\/\\\/medeora.de\\\/es\\\/calculadora-de-presupuesto\\\/\"]}]},{\"@type\":\"BreadcrumbList\",\"@id\":\"https:\\\/\\\/medeora.de\\\/es\\\/calculadora-de-presupuesto\\\/#breadcrumb\",\"itemListElement\":[{\"@type\":\"ListItem\",\"position\":1,\"name\":\"Startseite\",\"item\":\"https:\\\/\\\/medeora.de\\\/es\\\/inicio\\\/\"},{\"@type\":\"ListItem\",\"position\":2,\"name\":\"Calculadora de presupuesto\"}]},{\"@type\":\"WebSite\",\"@id\":\"https:\\\/\\\/medeora.de\\\/es\\\/#website\",\"url\":\"https:\\\/\\\/medeora.de\\\/es\\\/\",\"name\":\"medeora.de\",\"description\":\"\",\"potentialAction\":[{\"@type\":\"SearchAction\",\"target\":{\"@type\":\"EntryPoint\",\"urlTemplate\":\"https:\\\/\\\/medeora.de\\\/es\\\/?s={search_term_string}\"},\"query-input\":{\"@type\":\"PropertyValueSpecification\",\"valueRequired\":true,\"valueName\":\"search_term_string\"}}],\"inLanguage\":\"es\"}]}<\/script>\n<!-- \/ Yoast SEO plugin. -->","yoast_head_json":{"title":"Calculadora Presupuestaria para estimar tus Costes de Software - Calculadora de presupuesto","description":"Utiliza la Calculadora de presupuesto de Medeora para estimar los costes de tu soluci\u00f3n de software BioARCHIVE, teniendo en cuenta los usuarios concurrentes. Los precios no incluyen el IVA.","robots":{"index":"index","follow":"follow","max-snippet":"max-snippet:-1","max-image-preview":"max-image-preview:large","max-video-preview":"max-video-preview:-1"},"canonical":"https:\/\/medeora.de\/es\/calculadora-de-presupuesto\/","og_locale":"es_ES","og_type":"article","og_title":"Calculadora Presupuestaria para estimar tus Costes de Software - Calculadora de presupuesto","og_description":"Utiliza la Calculadora de presupuesto de Medeora para estimar los costes de tu soluci\u00f3n de software BioARCHIVE, teniendo en cuenta los usuarios concurrentes. Los precios no incluyen el IVA.","og_url":"https:\/\/medeora.de\/es\/calculadora-de-presupuesto\/","og_site_name":"medeora.de","article_modified_time":"2025-09-05T09:26:38+00:00","twitter_card":"summary_large_image","twitter_misc":{"Tiempo de lectura":"5 minutos"},"schema":{"@context":"https:\/\/schema.org","@graph":[{"@type":"WebPage","@id":"https:\/\/medeora.de\/es\/calculadora-de-presupuesto\/","url":"https:\/\/medeora.de\/es\/calculadora-de-presupuesto\/","name":"Calculadora Presupuestaria para estimar tus Costes de Software - Calculadora de presupuesto","isPartOf":{"@id":"https:\/\/medeora.de\/es\/#website"},"datePublished":"2022-01-05T09:55:07+00:00","dateModified":"2025-09-05T09:26:38+00:00","description":"Utiliza la Calculadora de presupuesto de Medeora para estimar los costes de tu soluci\u00f3n de software BioARCHIVE, teniendo en cuenta los usuarios concurrentes. Los precios no incluyen el IVA.","breadcrumb":{"@id":"https:\/\/medeora.de\/es\/calculadora-de-presupuesto\/#breadcrumb"},"inLanguage":"es","potentialAction":[{"@type":"ReadAction","target":["https:\/\/medeora.de\/es\/calculadora-de-presupuesto\/"]}]},{"@type":"BreadcrumbList","@id":"https:\/\/medeora.de\/es\/calculadora-de-presupuesto\/#breadcrumb","itemListElement":[{"@type":"ListItem","position":1,"name":"Startseite","item":"https:\/\/medeora.de\/es\/inicio\/"},{"@type":"ListItem","position":2,"name":"Calculadora de presupuesto"}]},{"@type":"WebSite","@id":"https:\/\/medeora.de\/es\/#website","url":"https:\/\/medeora.de\/es\/","name":"medeora.de","description":"","potentialAction":[{"@type":"SearchAction","target":{"@type":"EntryPoint","urlTemplate":"https:\/\/medeora.de\/es\/?s={search_term_string}"},"query-input":{"@type":"PropertyValueSpecification","valueRequired":true,"valueName":"search_term_string"}}],"inLanguage":"es"}]}},"_links":{"self":[{"href":"https:\/\/medeora.de\/es\/wp-json\/wp\/v2\/pages\/7742","targetHints":{"allow":["GET"]}}],"collection":[{"href":"https:\/\/medeora.de\/es\/wp-json\/wp\/v2\/pages"}],"about":[{"href":"https:\/\/medeora.de\/es\/wp-json\/wp\/v2\/types\/page"}],"author":[{"embeddable":true,"href":"https:\/\/medeora.de\/es\/wp-json\/wp\/v2\/users\/1"}],"replies":[{"embeddable":true,"href":"https:\/\/medeora.de\/es\/wp-json\/wp\/v2\/comments?post=7742"}],"version-history":[{"count":9,"href":"https:\/\/medeora.de\/es\/wp-json\/wp\/v2\/pages\/7742\/revisions"}],"predecessor-version":[{"id":9439,"href":"https:\/\/medeora.de\/es\/wp-json\/wp\/v2\/pages\/7742\/revisions\/9439"}],"wp:attachment":[{"href":"https:\/\/medeora.de\/es\/wp-json\/wp\/v2\/media?parent=7742"}],"curies":[{"name":"wp","href":"https:\/\/api.w.org\/{rel}","templated":true}]}}