{"id":7754,"date":"2021-11-03T13:55:18","date_gmt":"2021-11-03T12:55:18","guid":{"rendered":"https:\/\/medeora.de\/contacta-con-nosotros\/"},"modified":"2025-05-09T15:00:48","modified_gmt":"2025-05-09T13:00:48","slug":"contacta-con-nosotros","status":"publish","type":"page","link":"https:\/\/medeora.de\/es\/contacta-con-nosotros\/","title":{"rendered":"Contacta con nosotros"},"content":{"rendered":"<p>[et_pb_section fb_built=\u00bb1&#8243; admin_label=\u00bbSektion\u00bb _builder_version=\u00bb4.16&#8243; _module_preset=\u00bbdefault\u00bb background_enable_color=\u00bboff\u00bb background_image=\u00bbhttps:\/\/medeora.beeaware.de\/wp-content\/uploads\/2022\/01\/header-kontakt-medeora..jpg\u00bb width=\u00bb100%\u00bb module_alignment=\u00bbcenter\u00bb min_height=\u00bb600px\u00bb min_height_tablet=\u00bb600px\u00bb min_height_phone=\u00bb100px\u00bb min_height_last_edited=\u00bbon|phone\u00bb height=\u00bb200px\u00bb top_divider_height_tablet=\u00bb\u00bb top_divider_height_phone=\u00bb17px\u00bb top_divider_height_last_edited=\u00bbon|phone\u00bb bottom_divider_style=\u00bbcurve\u00bb bottom_divider_color=\u00bb#FFFFFF\u00bb bottom_divider_repeat=\u00bb1x\u00bb bottom_divider_flip=\u00bbhorizontal\u00bb bottom_divider_arrangement=\u00bbabove_content\u00bb bottom_divider_height_tablet=\u00bb\u00bb bottom_divider_height_phone=\u00bb17px\u00bb bottom_divider_height_last_edited=\u00bbon|phone\u00bb locked=\u00bboff\u00bb global_colors_info=\u00bb{}\u00bb][et_pb_row disabled_on=\u00bbon|off|off\u00bb _builder_version=\u00bb4.16&#8243; _module_preset=\u00bbdefault\u00bb width=\u00bb100%\u00bb custom_margin=\u00bb146px||||false|false\u00bb global_colors_info=\u00bb{}\u00bb][et_pb_column type=\u00bb4_4&#8243; _builder_version=\u00bb4.16&#8243; _module_preset=\u00bbdefault\u00bb global_colors_info=\u00bb{}\u00bb][et_pb_text _builder_version=\u00bb4.27.4&#8243; _module_preset=\u00bbdefault\u00bb header_text_color=\u00bb#394343&#8243; header_font_size=\u00bb49px\u00bb header_2_text_color=\u00bb#00A3E3&#8243; header_2_font_size=\u00bb38px\u00bb header_4_text_color=\u00bb#394343&#8243; header_4_font_size=\u00bb54px\u00bb header_6_font_size=\u00bb49px\u00bb background_color=\u00bb#FFFFFF\u00bb width=\u00bb50%\u00bb module_alignment=\u00bbright\u00bb custom_padding=\u00bb23px|8px|13px|50px|false|false\u00bb hover_enabled=\u00bb0&#8243; border_color_bottom=\u00bb#394343&#8243; border_width_left=\u00bb10px\u00bb border_color_left=\u00bb#394343&#8243; global_colors_info=\u00bb{}\u00bb sticky_enabled=\u00bb0&#8243;]<\/p>\n<h4>TE INTERESA?<\/h4>\n<h2>Escr\u00edbenos<\/h2>\n<p>[\/et_pb_text][\/et_pb_column][\/et_pb_row][et_pb_row disabled_on=\u00bboff|on|on\u00bb _builder_version=\u00bb4.16&#8243; _module_preset=\u00bbdefault\u00bb custom_margin_tablet=\u00bb\u00bb custom_margin_phone=\u00bb-30px||||false|false\u00bb custom_margin_last_edited=\u00bbon|phone\u00bb locked=\u00bboff\u00bb global_colors_info=\u00bb{}\u00bb][et_pb_column type=\u00bb4_4&#8243; _builder_version=\u00bb4.16&#8243; _module_preset=\u00bbdefault\u00bb global_colors_info=\u00bb{}\u00bb][et_pb_text _builder_version=\u00bb4.27.4&#8243; _module_preset=\u00bbdefault\u00bb header_4_text_color=\u00bb#00A3E3&#8243; header_4_font_size=\u00bb26px\u00bb background_color=\u00bb#FFFFFF\u00bb custom_margin_tablet=\u00bb\u00bb custom_margin_phone=\u00bb|-16px||150px|false|false\u00bb custom_margin_last_edited=\u00bbon|phone\u00bb custom_padding=\u00bb10px|10px|4px|10px|false|false\u00bb hover_enabled=\u00bb0&#8243; header_font_size_tablet=\u00bb\u00bb header_font_size_phone=\u00bb61px\u00bb header_font_size_last_edited=\u00bbon|phone\u00bb header_2_font_size_tablet=\u00bb\u00bb header_2_font_size_phone=\u00bb20px\u00bb header_2_font_size_last_edited=\u00bbon|phone\u00bb header_4_font_size_tablet=\u00bb26px\u00bb header_4_font_size_phone=\u00bb20px\u00bb header_4_font_size_last_edited=\u00bbon|phone\u00bb global_colors_info=\u00bb{}\u00bb sticky_enabled=\u00bb0&#8243;]<\/p>\n<h4 style=\"text-align: right;\">\u00bfTE INTERESA?<\/h4>\n<h2 style=\"text-align: right;\">Entonces escr\u00edbenos<\/h2>\n<p>[\/et_pb_text][\/et_pb_column][\/et_pb_row][\/et_pb_section][et_pb_section fb_built=\u00bb1&#8243; _builder_version=\u00bb4.16&#8243; _module_preset=\u00bbdefault\u00bb global_colors_info=\u00bb{}\u00bb][et_pb_row column_structure=\u00bb2_3,1_3&#8243; _builder_version=\u00bb4.16&#8243; _module_preset=\u00bbdefault\u00bb width_tablet=\u00bb\u00bb width_phone=\u00bb\u00bb width_last_edited=\u00bbon|phone\u00bb global_colors_info=\u00bb{}\u00bb][et_pb_column type=\u00bb2_3&#8243; _builder_version=\u00bb4.16&#8243; _module_preset=\u00bbdefault\u00bb global_colors_info=\u00bb{}\u00bb][dsm_contact_form_7 cf7_library=\u00bb7817&#8243; show_validation=\u00bbon\u00bb validation_success_background_color=\u00bb#FFFFFF\u00bb _builder_version=\u00bb4.27.4&#8243; _module_preset=\u00bbdefault\u00bb labels_font=\u00bbanteb-regular||||||||\u00bb input_textarea_select_font=\u00bbanteb-regular||||||||\u00bb input_textarea_select_font_size=\u00bb16px\u00bb success_validation_font=\u00bbanteb-regular||||||||\u00bb success_validation_text_color=\u00bb#7CDA24&#8243; custom_button_one=\u00bbon\u00bb button_one_text_size=\u00bb16px\u00bb button_one_text_color=\u00bb#FFFFFF\u00bb button_one_bg_color=\u00bb#C83742&#8243; button_one_border_width=\u00bb0px\u00bb button_one_border_radius=\u00bb21px\u00bb module_alignment=\u00bbcenter\u00bb hover_enabled=\u00bb0&#8243; labels_font_size_tablet=\u00bb\u00bb labels_font_size_phone=\u00bb16px\u00bb labels_font_size_last_edited=\u00bbon|phone\u00bb border_style_all_error_msg=\u00bbnone\u00bb border_width_all_error_validation=\u00bb0px\u00bb border_width_all_validation_success=\u00bb0px\u00bb global_colors_info=\u00bb{}\u00bb sticky_enabled=\u00bb0&#8243;][\/dsm_contact_form_7][\/et_pb_column][et_pb_column type=\u00bb1_3&#8243; _builder_version=\u00bb4.16&#8243; _module_preset=\u00bbdefault\u00bb global_colors_info=\u00bb{}\u00bb][et_pb_text _builder_version=\u00bb4.16&#8243; _module_preset=\u00bbdefault\u00bb global_colors_info=\u00bb{}\u00bb]<\/p>\n<div class=\"address-contact\">\n<h4 class=\"address-content\">MEDEORA GmbH<\/h4>\n<\/div>\n<p>[\/et_pb_text][et_pb_icon font_icon=\u00bb&#xe01d;||divi||400&#8243; icon_color=\u00bb#00A3E3&#8243; icon_width=\u00bb20px\u00bb align=\u00bbleft\u00bb _builder_version=\u00bb4.16&#8243; _module_preset=\u00bbdefault\u00bb global_colors_info=\u00bb{}\u00bb][\/et_pb_icon][et_pb_text _builder_version=\u00bb4.16&#8243; _module_preset=\u00bbdefault\u00bb custom_margin=\u00bb-32px||||false|false\u00bb text_font_size_tablet=\u00bb\u00bb text_font_size_phone=\u00bb16px\u00bb text_font_size_last_edited=\u00bbon|phone\u00bb global_colors_info=\u00bb{}\u00bb]<\/p>\n<div class=\"address-contact\">\n<div class=\"address-content\">Am Gleisdreieck 1<br \/>50823 Colonia<br \/>Alemania<\/div>\n<\/div>\n<div class=\"address-contact\"><\/div>\n<div class=\"address-contact\">\n<div class=\"address-content\"><\/div>\n<\/div>\n<p>[\/et_pb_text][et_pb_icon font_icon=\u00bb&#xf2a0;||fa||900&#8243; icon_color=\u00bb#00A3E3&#8243; icon_width=\u00bb20px\u00bb align=\u00bbleft\u00bb _builder_version=\u00bb4.16&#8243; _module_preset=\u00bbdefault\u00bb global_colors_info=\u00bb{}\u00bb][\/et_pb_icon][et_pb_text _builder_version=\u00bb4.16&#8243; _module_preset=\u00bbdefault\u00bb custom_margin=\u00bb-32px||||false|false\u00bb text_font_size_tablet=\u00bb\u00bb text_font_size_phone=\u00bb16px\u00bb text_font_size_last_edited=\u00bbon|phone\u00bb global_colors_info=\u00bb{}\u00bb]<\/p>\n<div class=\"address-contact\">\n<div class=\"address-content\">\n<div class=\"address-contact\">\n<div class=\"address-content\">+49 (0)221 \/ 170 67 114<\/div>\n<\/div>\n<div class=\"address-contact\">\n<div class=\"address-content\"><a href=\"mailto:info@medeora.de\"><\/a><\/div>\n<\/div>\n<\/div>\n<\/div>\n<div class=\"address-contact\"><\/div>\n<div class=\"address-contact\">\n<div class=\"address-content\"><\/div>\n<\/div>\n<p>[\/et_pb_text][et_pb_icon font_icon=\u00bb&#xe010;||divi||400&#8243; icon_color=\u00bb#00A3E3&#8243; icon_width=\u00bb20px\u00bb align=\u00bbleft\u00bb _builder_version=\u00bb4.16&#8243; _module_preset=\u00bbdefault\u00bb global_colors_info=\u00bb{}\u00bb][\/et_pb_icon][et_pb_text _builder_version=\u00bb4.16&#8243; _module_preset=\u00bbdefault\u00bb custom_margin=\u00bb-32px||||false|false\u00bb text_font_size_tablet=\u00bb\u00bb text_font_size_phone=\u00bb16px\u00bb text_font_size_last_edited=\u00bbon|phone\u00bb global_colors_info=\u00bb{}\u00bb]<\/p>\n<div class=\"address-contact\">\n<div class=\"address-content\">\n<div class=\"address-contact\">\n<div class=\"address-content\"><a href=\"mailto:info@medeora.de\">info@medeora.de<\/a><\/div>\n<\/div>\n<div class=\"address-contact\">\n<div class=\"address-content\"><a href=\"mailto:info@medeora.de\"><\/a><\/div>\n<\/div>\n<\/div>\n<\/div>\n<div class=\"address-contact\"><\/div>\n<div class=\"address-contact\">\n<div class=\"address-content\"><\/div>\n<\/div>\n<p>[\/et_pb_text][\/et_pb_column][\/et_pb_row][\/et_pb_section]<\/p>\n","protected":false},"excerpt":{"rendered":"<p>TE INTERESA? Escr\u00edbenos\u00bfTE INTERESA? Entonces escr\u00edbenos<div class=\"et_pb_with_border et_pb_module dsm_contact_form_7 dsm_contact_form_7_0\">\n\t\t\t\t\n\t\t\t\t\n\t\t\t\t\n\t\t\t\t\n\t\t\t\t\n\t\t\t\t\n\t\t\t\t<div class=\"et_pb_module_inner\">\n\t\t\t\t\t<div class=\"\">\n\t\t\t\t\n<div class=\"wpcf7 no-js\" id=\"wpcf7-f7817-o1\" lang=\"de-DE\" dir=\"ltr\" data-wpcf7-id=\"7817\">\n<div class=\"screen-reader-response\"><p role=\"status\" aria-live=\"polite\" aria-atomic=\"true\"><\/p> <ul><\/ul><\/div>\n<form action=\"\/es\/wp-json\/wp\/v2\/pages\/7754#wpcf7-f7817-o1\" method=\"post\" class=\"wpcf7-form init wpcf7-acceptance-as-validation\" aria-label=\"Kontaktformular\" novalidate=\"novalidate\" data-status=\"init\">\n<fieldset class=\"hidden-fields-container\"><input type=\"hidden\" name=\"_wpcf7\" value=\"7817\" \/><input type=\"hidden\" name=\"_wpcf7_version\" value=\"6.1.5\" \/><input type=\"hidden\" name=\"_wpcf7_locale\" value=\"de_DE\" \/><input type=\"hidden\" name=\"_wpcf7_unit_tag\" value=\"wpcf7-f7817-o1\" \/><input type=\"hidden\" name=\"_wpcf7_container_post\" value=\"0\" \/><input type=\"hidden\" name=\"_wpcf7_posted_data_hash\" value=\"\" \/>\n<\/fieldset>\n<p><label> Su nombre<br \/>\n<span class=\"wpcf7-form-control-wrap\" data-name=\"your-name\"><input size=\"40\" maxlength=\"400\" class=\"wpcf7-form-control wpcf7-text wpcf7-validates-as-required\" aria-required=\"true\" aria-invalid=\"false\" value=\"\" type=\"text\" name=\"your-name\" \/><\/span> <\/label>\n<\/p>\n<p><label> Su direcci\u00f3n de correo electr\u00f3nico<br \/>\n<span class=\"wpcf7-form-control-wrap\" data-name=\"your-email\"><input size=\"40\" maxlength=\"400\" class=\"wpcf7-form-control wpcf7-email wpcf7-validates-as-required wpcf7-text wpcf7-validates-as-email\" aria-required=\"true\" aria-invalid=\"false\" value=\"\" type=\"email\" name=\"your-email\" \/><\/span> <\/label>\n<\/p>\n<p><label> Asunto<br \/>\n<span class=\"wpcf7-form-control-wrap\" data-name=\"your-subject\"><input size=\"40\" maxlength=\"400\" class=\"wpcf7-form-control wpcf7-text wpcf7-validates-as-required\" aria-required=\"true\" aria-invalid=\"false\" value=\"\" type=\"text\" name=\"your-subject\" \/><\/span> <\/label>\n<\/p>\n<p><label> Su mensaje (opcional)<br \/>\n<span class=\"wpcf7-form-control-wrap\" data-name=\"your-message\"><textarea cols=\"40\" rows=\"10\" maxlength=\"2000\" class=\"wpcf7-form-control wpcf7-textarea wpcf7-validates-as-required\" aria-required=\"true\" aria-invalid=\"false\" name=\"your-message\"><\/textarea><\/span> <\/label>\n<\/p>\n<p><span class=\"wpcf7-form-control-wrap\" data-name=\"acceptance-230\"><span class=\"wpcf7-form-control wpcf7-acceptance\"><span class=\"wpcf7-list-item\"><label><input type=\"checkbox\" name=\"acceptance-230\" value=\"1\" aria-invalid=\"false\" \/><span class=\"wpcf7-list-item-label\">Acepto que mis datos del formulario de contacto se recopilen y procesen para responder a mi consulta. Los datos se eliminar\u00e1n una vez procesada su consulta. Nota: Puede revocar su consentimiento en cualquier momento para el futuro enviando un correo electr\u00f3nico a info@medeora.com. Encontrar\u00e1 informaci\u00f3n detallada sobre el tratamiento de los datos de los usuarios en nuestra pol\u00edtica de privacidad.<\/span><\/label><\/span><\/span><\/span>\n<\/p>\n<p><button class=\"wpcf7-form-control wpcf7-submit has-spinner et_pb_button et_pb_bg_layout_light gtagclass\" type=\"submit\" value=\"Enviar\">Enviar<\/button>\n<\/p>\n<p><span id=\"wpcf7-69de559f7225a-wrapper\" class=\"wpcf7-form-control-wrap honeypot-198-wrap\" ><input id=\"wpcf7-69de559f7225a-field\"  class=\"wpcf7-form-control wpcf7-text\" type=\"text\" name=\"honeypot-198\" value=\"\" size=\"40\" tabindex=\"-1\" autocomplete=\"off\" \/><\/span>\n<\/p><div class=\"wpcf7-response-output\" aria-hidden=\"true\"><\/div>\n<\/form>\n<\/div>\n\n\t\t\t<\/div>\n\t\t\t\t<\/div>\n\t\t\t<\/div> MEDEORA GmbH Am Gleisdreieck 150823 ColoniaAlemania +49 (0)221 \/ 170 67 114 info@medeora.de<\/p>\n","protected":false},"author":1,"featured_media":0,"parent":0,"menu_order":0,"comment_status":"closed","ping_status":"closed","template":"","meta":{"_et_pb_use_builder":"on","_et_pb_old_content":"","_et_gb_content_width":"","_joinchat":[],"footnotes":""},"class_list":["post-7754","page","type-page","status-publish","hentry"],"yoast_head":"<!-- This site is optimized with the Yoast SEO plugin v27.3 - https:\/\/yoast.com\/product\/yoast-seo-wordpress\/ -->\n<title>Contacta con nosotros para hablar de las necesidades de tu proyecto - medeora.de<\/title>\n<meta name=\"description\" content=\"Ponte en contacto con MEDEORA GmbH para obtener soluciones de software a medida para laboratorio e investigaci\u00f3n. Ponte en contacto con nosotros a trav\u00e9s de nuestro formulario de contacto, correo electr\u00f3nico o tel\u00e9fono para hablar de las necesidades de tu proyecto.\" \/>\n<meta name=\"robots\" content=\"index, follow, max-snippet:-1, max-image-preview:large, max-video-preview:-1\" \/>\n<link rel=\"canonical\" href=\"https:\/\/medeora.de\/es\/contacta-con-nosotros\/\" \/>\n<meta property=\"og:locale\" content=\"es_ES\" \/>\n<meta property=\"og:type\" content=\"article\" \/>\n<meta property=\"og:title\" content=\"Contacta con nosotros para hablar de las necesidades de tu proyecto - medeora.de\" \/>\n<meta property=\"og:description\" content=\"Ponte en contacto con MEDEORA GmbH para obtener soluciones de software a medida para laboratorio e investigaci\u00f3n. Ponte en contacto con nosotros a trav\u00e9s de nuestro formulario de contacto, correo electr\u00f3nico o tel\u00e9fono para hablar de las necesidades de tu proyecto.\" \/>\n<meta property=\"og:url\" content=\"https:\/\/medeora.de\/es\/contacta-con-nosotros\/\" \/>\n<meta property=\"og:site_name\" content=\"medeora.de\" \/>\n<meta property=\"article:modified_time\" content=\"2025-05-09T13:00:48+00:00\" \/>\n<meta name=\"twitter:card\" content=\"summary_large_image\" \/>\n<meta name=\"twitter:label1\" content=\"Tiempo de lectura\" \/>\n\t<meta name=\"twitter:data1\" content=\"4 minutos\" \/>\n<script type=\"application\/ld+json\" class=\"yoast-schema-graph\">{\"@context\":\"https:\\\/\\\/schema.org\",\"@graph\":[{\"@type\":\"WebPage\",\"@id\":\"https:\\\/\\\/medeora.de\\\/es\\\/contacta-con-nosotros\\\/\",\"url\":\"https:\\\/\\\/medeora.de\\\/es\\\/contacta-con-nosotros\\\/\",\"name\":\"Contacta con nosotros para hablar de las necesidades de tu proyecto - medeora.de\",\"isPartOf\":{\"@id\":\"https:\\\/\\\/medeora.de\\\/es\\\/#website\"},\"datePublished\":\"2021-11-03T12:55:18+00:00\",\"dateModified\":\"2025-05-09T13:00:48+00:00\",\"description\":\"Ponte en contacto con MEDEORA GmbH para obtener soluciones de software a medida para laboratorio e investigaci\u00f3n. Ponte en contacto con nosotros a trav\u00e9s de nuestro formulario de contacto, correo electr\u00f3nico o tel\u00e9fono para hablar de las necesidades de tu proyecto.\",\"breadcrumb\":{\"@id\":\"https:\\\/\\\/medeora.de\\\/es\\\/contacta-con-nosotros\\\/#breadcrumb\"},\"inLanguage\":\"es\",\"potentialAction\":[{\"@type\":\"ReadAction\",\"target\":[\"https:\\\/\\\/medeora.de\\\/es\\\/contacta-con-nosotros\\\/\"]}]},{\"@type\":\"BreadcrumbList\",\"@id\":\"https:\\\/\\\/medeora.de\\\/es\\\/contacta-con-nosotros\\\/#breadcrumb\",\"itemListElement\":[{\"@type\":\"ListItem\",\"position\":1,\"name\":\"Startseite\",\"item\":\"https:\\\/\\\/medeora.de\\\/es\\\/inicio\\\/\"},{\"@type\":\"ListItem\",\"position\":2,\"name\":\"Contacta con nosotros\"}]},{\"@type\":\"WebSite\",\"@id\":\"https:\\\/\\\/medeora.de\\\/es\\\/#website\",\"url\":\"https:\\\/\\\/medeora.de\\\/es\\\/\",\"name\":\"medeora.de\",\"description\":\"\",\"potentialAction\":[{\"@type\":\"SearchAction\",\"target\":{\"@type\":\"EntryPoint\",\"urlTemplate\":\"https:\\\/\\\/medeora.de\\\/es\\\/?s={search_term_string}\"},\"query-input\":{\"@type\":\"PropertyValueSpecification\",\"valueRequired\":true,\"valueName\":\"search_term_string\"}}],\"inLanguage\":\"es\"}]}<\/script>\n<!-- \/ Yoast SEO plugin. -->","yoast_head_json":{"title":"Contacta con nosotros para hablar de las necesidades de tu proyecto - medeora.de","description":"Ponte en contacto con MEDEORA GmbH para obtener soluciones de software a medida para laboratorio e investigaci\u00f3n. Ponte en contacto con nosotros a trav\u00e9s de nuestro formulario de contacto, correo electr\u00f3nico o tel\u00e9fono para hablar de las necesidades de tu proyecto.","robots":{"index":"index","follow":"follow","max-snippet":"max-snippet:-1","max-image-preview":"max-image-preview:large","max-video-preview":"max-video-preview:-1"},"canonical":"https:\/\/medeora.de\/es\/contacta-con-nosotros\/","og_locale":"es_ES","og_type":"article","og_title":"Contacta con nosotros para hablar de las necesidades de tu proyecto - medeora.de","og_description":"Ponte en contacto con MEDEORA GmbH para obtener soluciones de software a medida para laboratorio e investigaci\u00f3n. Ponte en contacto con nosotros a trav\u00e9s de nuestro formulario de contacto, correo electr\u00f3nico o tel\u00e9fono para hablar de las necesidades de tu proyecto.","og_url":"https:\/\/medeora.de\/es\/contacta-con-nosotros\/","og_site_name":"medeora.de","article_modified_time":"2025-05-09T13:00:48+00:00","twitter_card":"summary_large_image","twitter_misc":{"Tiempo de lectura":"4 minutos"},"schema":{"@context":"https:\/\/schema.org","@graph":[{"@type":"WebPage","@id":"https:\/\/medeora.de\/es\/contacta-con-nosotros\/","url":"https:\/\/medeora.de\/es\/contacta-con-nosotros\/","name":"Contacta con nosotros para hablar de las necesidades de tu proyecto - medeora.de","isPartOf":{"@id":"https:\/\/medeora.de\/es\/#website"},"datePublished":"2021-11-03T12:55:18+00:00","dateModified":"2025-05-09T13:00:48+00:00","description":"Ponte en contacto con MEDEORA GmbH para obtener soluciones de software a medida para laboratorio e investigaci\u00f3n. Ponte en contacto con nosotros a trav\u00e9s de nuestro formulario de contacto, correo electr\u00f3nico o tel\u00e9fono para hablar de las necesidades de tu proyecto.","breadcrumb":{"@id":"https:\/\/medeora.de\/es\/contacta-con-nosotros\/#breadcrumb"},"inLanguage":"es","potentialAction":[{"@type":"ReadAction","target":["https:\/\/medeora.de\/es\/contacta-con-nosotros\/"]}]},{"@type":"BreadcrumbList","@id":"https:\/\/medeora.de\/es\/contacta-con-nosotros\/#breadcrumb","itemListElement":[{"@type":"ListItem","position":1,"name":"Startseite","item":"https:\/\/medeora.de\/es\/inicio\/"},{"@type":"ListItem","position":2,"name":"Contacta con nosotros"}]},{"@type":"WebSite","@id":"https:\/\/medeora.de\/es\/#website","url":"https:\/\/medeora.de\/es\/","name":"medeora.de","description":"","potentialAction":[{"@type":"SearchAction","target":{"@type":"EntryPoint","urlTemplate":"https:\/\/medeora.de\/es\/?s={search_term_string}"},"query-input":{"@type":"PropertyValueSpecification","valueRequired":true,"valueName":"search_term_string"}}],"inLanguage":"es"}]}},"_links":{"self":[{"href":"https:\/\/medeora.de\/es\/wp-json\/wp\/v2\/pages\/7754","targetHints":{"allow":["GET"]}}],"collection":[{"href":"https:\/\/medeora.de\/es\/wp-json\/wp\/v2\/pages"}],"about":[{"href":"https:\/\/medeora.de\/es\/wp-json\/wp\/v2\/types\/page"}],"author":[{"embeddable":true,"href":"https:\/\/medeora.de\/es\/wp-json\/wp\/v2\/users\/1"}],"replies":[{"embeddable":true,"href":"https:\/\/medeora.de\/es\/wp-json\/wp\/v2\/comments?post=7754"}],"version-history":[{"count":4,"href":"https:\/\/medeora.de\/es\/wp-json\/wp\/v2\/pages\/7754\/revisions"}],"predecessor-version":[{"id":7837,"href":"https:\/\/medeora.de\/es\/wp-json\/wp\/v2\/pages\/7754\/revisions\/7837"}],"wp:attachment":[{"href":"https:\/\/medeora.de\/es\/wp-json\/wp\/v2\/media?parent=7754"}],"curies":[{"name":"wp","href":"https:\/\/api.w.org\/{rel}","templated":true}]}}