{"id":7739,"date":"2022-01-05T10:55:07","date_gmt":"2022-01-05T09:55:07","guid":{"rendered":"https:\/\/medeora.de\/calculateur-de-budget\/"},"modified":"2025-09-05T11:27:34","modified_gmt":"2025-09-05T09:27:34","slug":"calculateur-de-budget","status":"publish","type":"page","link":"https:\/\/medeora.de\/fr\/calculateur-de-budget\/","title":{"rendered":"Calculateur de budget"},"content":{"rendered":"<p>[et_pb_section fb_built=\u00a0\u00bb1&Prime; admin_label=\u00a0\u00bbSektion\u00a0\u00bb _builder_version=\u00a0\u00bb4.16&Prime; _module_preset=\u00a0\u00bbdefault\u00a0\u00bb background_enable_color=\u00a0\u00bboff\u00a0\u00bb background_image=\u00a0\u00bbhttps:\/\/medeora.beeaware.de\/wp-content\/uploads\/2022\/01\/header-budgetrechner-medeora.jpg\u00a0\u00bb width=\u00a0\u00bb100%\u00a0\u00bb module_alignment=\u00a0\u00bbcenter\u00a0\u00bb min_height=\u00a0\u00bb100px\u00a0\u00bb min_height_tablet=\u00a0\u00bb100px\u00a0\u00bb min_height_phone=\u00a0\u00bb100px\u00a0\u00bb min_height_last_edited=\u00a0\u00bbon|phone\u00a0\u00bb bottom_divider_style=\u00a0\u00bbcurve\u00a0\u00bb bottom_divider_color=\u00a0\u00bb#FFFFFF\u00a0\u00bb bottom_divider_repeat=\u00a0\u00bb1x\u00a0\u00bb bottom_divider_flip=\u00a0\u00bbhorizontal\u00a0\u00bb bottom_divider_arrangement=\u00a0\u00bbabove_content\u00a0\u00bb bottom_divider_height_tablet=\u00a0\u00bb\u00a0\u00bb bottom_divider_height_phone=\u00a0\u00bb17px\u00a0\u00bb bottom_divider_height_last_edited=\u00a0\u00bbon|phone\u00a0\u00bb locked=\u00a0\u00bboff\u00a0\u00bb global_colors_info=\u00a0\u00bb{}\u00a0\u00bb][et_pb_row disabled_on=\u00a0\u00bbon|off|off\u00a0\u00bb _builder_version=\u00a0\u00bb4.16&Prime; _module_preset=\u00a0\u00bbdefault\u00a0\u00bb width=\u00a0\u00bb100%\u00a0\u00bb custom_margin=\u00a0\u00bb146px||||false|false\u00a0\u00bb global_colors_info=\u00a0\u00bb{}\u00a0\u00bb][et_pb_column type=\u00a0\u00bb4_4&Prime; _builder_version=\u00a0\u00bb4.16&Prime; _module_preset=\u00a0\u00bbdefault\u00a0\u00bb global_colors_info=\u00a0\u00bb{}\u00a0\u00bb][et_pb_text disabled_on=\u00a0\u00bbon|off|off\u00a0\u00bb _builder_version=\u00a0\u00bb4.27.4&Prime; _module_preset=\u00a0\u00bbdefault\u00a0\u00bb header_text_color=\u00a0\u00bb#394343&Prime; header_font_size=\u00a0\u00bb49px\u00a0\u00bb header_2_text_color=\u00a0\u00bb#00A3E3&Prime; header_2_font_size=\u00a0\u00bb38px\u00a0\u00bb header_4_text_color=\u00a0\u00bb#394343&Prime; header_4_font_size=\u00a0\u00bb54px\u00a0\u00bb header_6_font_size=\u00a0\u00bb49px\u00a0\u00bb background_color=\u00a0\u00bb#FFFFFF\u00a0\u00bb background_color_gradient_end=\u00a0\u00bbrgba(41,196,169,0)\u00a0\u00bb width=\u00a0\u00bb50%\u00a0\u00bb module_alignment=\u00a0\u00bbright\u00a0\u00bb custom_padding=\u00a0\u00bb23px|8px|13px|50px|false|false\u00a0\u00bb border_color_bottom=\u00a0\u00bb#394343&Prime; border_width_left=\u00a0\u00bb10px\u00a0\u00bb border_color_left=\u00a0\u00bb#394343&Prime; global_colors_info=\u00a0\u00bb{}\u00a0\u00bb]<\/p>\n<h4>PLANS &amp; TARIFS<\/h4>\n<h2>Calculez votre budget<\/h2>\n<p>[\/et_pb_text][\/et_pb_column][\/et_pb_row][\/et_pb_section][et_pb_section fb_built=\u00a0\u00bb1&Prime; _builder_version=\u00a0\u00bb4.16&Prime; _module_preset=\u00a0\u00bbdefault\u00a0\u00bb global_colors_info=\u00a0\u00bb{}\u00a0\u00bb][et_pb_row _builder_version=\u00a0\u00bb4.16&Prime; _module_preset=\u00a0\u00bbdefault\u00a0\u00bb custom_margin=\u00a0\u00bb-61px||||false|false\u00a0\u00bb global_colors_info=\u00a0\u00bb{}\u00a0\u00bb][et_pb_column type=\u00a0\u00bb4_4&Prime; _builder_version=\u00a0\u00bb4.16&Prime; _module_preset=\u00a0\u00bbdefault\u00a0\u00bb global_colors_info=\u00a0\u00bb{}\u00a0\u00bb][et_pb_divider show_divider=\u00a0\u00bboff\u00a0\u00bb _builder_version=\u00a0\u00bb4.27.4&Prime; _module_preset=\u00a0\u00bbdefault\u00a0\u00bb min_height=\u00a0\u00bb50px\u00a0\u00bb global_colors_info=\u00a0\u00bb{}\u00a0\u00bb][\/et_pb_divider][et_pb_text _builder_version=\u00a0\u00bb4.27.4&Prime; _module_preset=\u00a0\u00bbdefault\u00a0\u00bb global_colors_info=\u00a0\u00bb{}\u00a0\u00bb]<\/p>\n<h1 style=\"text-align: center;\">Plans<\/h1>\n<p style=\"text-align: center;\"><span style=\"color: #e02b20;\"><strong>Pour vous offrir le meilleur service, nous ne prenons en compte que le nombre d&rsquo;utilisateurs connect\u00e9s simultan\u00e9ment (en parall\u00e8le) au syst\u00e8me, connu sous le nom de \u00ab\u00a0concurrent user\u00a0\u00bb.  <\/strong><\/span><span style=\"color: #e02b20;\"><strong>Vous n&rsquo;avez besoin d&rsquo;une licence que pour ces utilisateurs actifs simultan\u00e9ment. Ind\u00e9pendamment de cela, vous pouvez <em>enregistrer un nombre illimit\u00e9 d&rsquo;utilisateurs dans le syst\u00e8me. <\/em>  <\/strong><\/span><\/p>\n<p>[\/et_pb_text][et_pb_pricing_tables featured_table_background_color=\u00a0\u00bbRGBA(255,255,255,0)\u00a0\u00bb featured_table_header_background_color=\u00a0\u00bb#00A3E3&Prime; featured_table_header_text_color=\u00a0\u00bb#E02B20&Prime; header_background_color=\u00a0\u00bb#00A3E3&Prime; show_bullet=\u00a0\u00bboff\u00a0\u00bb _builder_version=\u00a0\u00bb4.27.4&Prime; _module_preset=\u00a0\u00bbdefault\u00a0\u00bb background_color=\u00a0\u00bb#FFFFFF\u00a0\u00bb border_radii=\u00a0\u00bbon|10px|10px|10px|10px\u00a0\u00bb border_color_all=\u00a0\u00bb#394343&Prime; border_style_all=\u00a0\u00bboutset\u00a0\u00bb global_colors_info=\u00a0\u00bb{}\u00a0\u00bb][et_pb_pricing_table title=\u00a0\u00bb \u00c9dition gratuite\u00a0\u00bb subtitle=\u00a0\u00bb1 utilisateur simultan\u00e9 \/ mois\u00a0\u00bb sum=\u00a0\u00bb0 \u20ac\u00a0\u00bb _builder_version=\u00a0\u00bb4.27.4&Prime; _module_preset=\u00a0\u00bbdefault\u00a0\u00bb global_colors_info=\u00a0\u00bb{}\u00a0\u00bb sticky_transition=\u00a0\u00bbon\u00a0\u00bb]<\/p>\n<p><strong>Les \u00e9chantillons : Max. 100<\/strong><\/p>\n<p><strong>Utilisateurs en parall\u00e8le : 2 utilisateurs maximum<\/strong><\/p>\n<p><strong>Nombre total d&rsquo;utilisateurs : Illimit\u00e9<\/strong><\/p>\n<p><strong>Fonctionnalit\u00e9 : 100%.<\/strong><\/p>\n<p>[\/et_pb_pricing_table][et_pb_pricing_table title=\u00a0\u00bbUniversit\u00e9\u00a0\u00bb subtitle=\u00a0\u00bb1 utilisateur simultan\u00e9 \/ mois\u00a0\u00bb sum=\u00a0\u00bb30 \u20ac\u00a0\u00bb _builder_version=\u00a0\u00bb4.27.4&Prime; _module_preset=\u00a0\u00bbdefault\u00a0\u00bb global_colors_info=\u00a0\u00bb{}\u00a0\u00bb sticky_transition=\u00a0\u00bbon\u00a0\u00bb]<\/p>\n<p><strong>Les \u00e9chantillons : Illimit\u00e9<\/strong><\/p>\n<p><strong>Utilisateurs en parall\u00e8le : 2 utilisateurs maximum<\/strong><\/p>\n<p><strong>Nombre total d&rsquo;utilisateurs : Illimit\u00e9<\/strong><\/p>\n<p><strong>Fonctionnalit\u00e9 : 100%.<\/strong><\/p>\n<p>[\/et_pb_pricing_table][et_pb_pricing_table title=\u00a0\u00bbIndustrie Essentiel\u00a0\u00bb subtitle=\u00a0\u00bb1 utilisateur simultan\u00e9 \/ mois\u00a0\u00bb sum=\u00a0\u00bb70 \u20ac\u00a0\u00bb _builder_version=\u00a0\u00bb4.27.4&Prime; _module_preset=\u00a0\u00bbdefault\u00a0\u00bb global_colors_info=\u00a0\u00bb{}\u00a0\u00bb sticky_transition=\u00a0\u00bbon\u00a0\u00bb]<\/p>\n<p><strong>Les \u00e9chantillons : Max. 5000<\/strong><\/p>\n<p><strong>Utilisateurs en parall\u00e8le : en fonction de la licence<\/strong><\/p>\n<p><strong>Nombre total d&rsquo;utilisateurs : Illimit\u00e9<\/strong><\/p>\n<p><strong>Fonctionnalit\u00e9 : 100%.<\/strong><\/p>\n<p>[\/et_pb_pricing_table][et_pb_pricing_table title=\u00a0\u00bbIndustry Premium\u00a0\u00bb subtitle=\u00a0\u00bb1 utilisateur simultan\u00e9 \/ mois\u00a0\u00bb sum=\u00a0\u00bb140 \u20ac\u00a0\u00bb _builder_version=\u00a0\u00bb4.27.4&Prime; _module_preset=\u00a0\u00bbdefault\u00a0\u00bb global_colors_info=\u00a0\u00bb{}\u00a0\u00bb sticky_transition=\u00a0\u00bbon\u00a0\u00bb]<\/p>\n<p><strong>\u00e9chantillons : Illimit\u00e9<\/strong><\/p>\n<p><strong>Utilisateurs en parall\u00e8le : en fonction de la licence<\/strong><\/p>\n<p><strong>Nombre total d&rsquo;utilisateurs : Illimit\u00e9<\/strong><\/p>\n<p><strong>Fonctionnalit\u00e9 : 100%.<\/strong><\/p>\n<p>[\/et_pb_pricing_table][\/et_pb_pricing_tables][et_pb_text _builder_version=\u00a0\u00bb4.27.4&Prime; _module_preset=\u00a0\u00bbdefault\u00a0\u00bb global_colors_info=\u00a0\u00bb{}\u00a0\u00bb]<\/p>\n<h1 style=\"text-align: center;\"><\/h1>\n<h1 style=\"text-align: center;\"><\/h1>\n<h1 style=\"text-align: center;\"><\/h1>\n<h1 style=\"text-align: center;\"><\/h1>\n<h1 style=\"text-align: center;\"><\/h1>\n<h1 style=\"text-align: center;\">Prix &amp; calculateur de budget<\/h1>\n<p style=\"text-align: center;\">\n<p>[\/et_pb_text][et_pb_text _builder_version=\u00a0\u00bb4.27.4&Prime; _module_preset=\u00a0\u00bbdefault\u00a0\u00bb global_colors_info=\u00a0\u00bb{}\u00a0\u00bb]<\/p>\n\n<div class=\"ccb-main-widget \" id=\"ccb_app_5787\" data-calc-id=\"5787\"><\/div>\n\n<p>[\/et_pb_text][et_pb_text _builder_version=\u00a0\u00bb4.27.4&Prime; _module_preset=\u00a0\u00bbdefault\u00a0\u00bb custom_margin=\u00a0\u00bb|||0px|false|false\u00a0\u00bb global_colors_info=\u00a0\u00bb{}\u00a0\u00bb]<\/p>\n<p style=\"font-weight: 400; text-align: center;\">Les frais de licence sont factur\u00e9s annuellement pour l&rsquo;ann\u00e9e en cours. Tous les prix sont indiqu\u00e9s hors TVA. Sous r\u00e9serve de modifications. Mise \u00e0 jour des prix : 25 octobre 2024.  <\/p>\n<p>[\/et_pb_text][\/et_pb_column][\/et_pb_row][\/et_pb_section][et_pb_section fb_built=\u00a0\u00bb1&Prime; _builder_version=\u00a0\u00bb4.16&Prime; _module_preset=\u00a0\u00bbdefault\u00a0\u00bb background_enable_color=\u00a0\u00bboff\u00a0\u00bb background_image=\u00a0\u00bbhttps:\/\/medeora.beeaware.de\/wp-content\/uploads\/2022\/01\/medeora-trenner-kontakt-02.jpg\u00a0\u00bb parallax=\u00a0\u00bbon\u00a0\u00bb height=\u00a0\u00bb350px\u00a0\u00bb custom_margin=\u00a0\u00bb-57px||||false|false\u00a0\u00bb top_divider_style=\u00a0\u00bbcurve\u00a0\u00bb top_divider_color=\u00a0\u00bb#FFFFFF\u00a0\u00bb top_divider_height_tablet=\u00a0\u00bb\u00a0\u00bb top_divider_height_phone=\u00a0\u00bb15px\u00a0\u00bb top_divider_height_last_edited=\u00a0\u00bbon|phone\u00a0\u00bb bottom_divider_style=\u00a0\u00bbcurve\u00a0\u00bb bottom_divider_color=\u00a0\u00bb#FFFFFF\u00a0\u00bb bottom_divider_height_tablet=\u00a0\u00bb\u00a0\u00bb bottom_divider_height_phone=\u00a0\u00bb20px\u00a0\u00bb bottom_divider_height_last_edited=\u00a0\u00bbon|phone\u00a0\u00bb locked=\u00a0\u00bboff\u00a0\u00bb global_colors_info=\u00a0\u00bb{}\u00a0\u00bb][et_pb_row use_custom_gutter=\u00a0\u00bbon\u00a0\u00bb gutter_width=\u00a0\u00bb1&Prime; custom_padding_last_edited=\u00a0\u00bbon|phone\u00a0\u00bb _builder_version=\u00a0\u00bb4.16&Prime; _module_preset=\u00a0\u00bbdefault\u00a0\u00bb background_enable_image=\u00a0\u00bboff\u00a0\u00bb parallax=\u00a0\u00bbon\u00a0\u00bb width=\u00a0\u00bb40%\u00a0\u00bb width_tablet=\u00a0\u00bb40%\u00a0\u00bb width_phone=\u00a0\u00bb100%\u00a0\u00bb width_last_edited=\u00a0\u00bbon|phone\u00a0\u00bb custom_margin=\u00a0\u00bb15px||||false|false\u00a0\u00bb custom_margin_tablet=\u00a0\u00bb15px||||false|false\u00a0\u00bb custom_margin_phone=\u00a0\u00bb15px||||false|false\u00a0\u00bb custom_margin_last_edited=\u00a0\u00bbon|phone\u00a0\u00bb custom_padding=\u00a0\u00bb0px|||||\u00a0\u00bb custom_padding_tablet=\u00a0\u00bb0px|||||\u00a0\u00bb custom_padding_phone=\u00a0\u00bb0px|||||\u00a0\u00bb locked=\u00a0\u00bboff\u00a0\u00bb global_colors_info=\u00a0\u00bb{}\u00a0\u00bb][et_pb_column type=\u00a0\u00bb4_4&Prime; _builder_version=\u00a0\u00bb4.16&Prime; _module_preset=\u00a0\u00bbdefault\u00a0\u00bb global_colors_info=\u00a0\u00bb{}\u00a0\u00bb][et_pb_cta title=\u00a0\u00bbPrenez rendez-vous maintenant  \u00a0\u00bb button_url=\u00a0\u00bbhttps:\/\/medeora.de\/kontakt\/\u00a0\u00bb button_text=\u00a0\u00bbContact\u00a0\u00bb _builder_version=\u00a0\u00bb4.16&Prime; _module_preset=\u00a0\u00bbdefault\u00a0\u00bb header_level=\u00a0\u00bbh1&Prime; header_font=\u00a0\u00bbanteb-light||||||||\u00a0\u00bb background_color=\u00a0\u00bb#00A3E3&Prime; custom_button=\u00a0\u00bbon\u00a0\u00bb button_text_size=\u00a0\u00bb16px\u00a0\u00bb button_text_color=\u00a0\u00bb#FFFFFF\u00a0\u00bb button_bg_color=\u00a0\u00bb#C83742&Prime; button_border_width=\u00a0\u00bb0px\u00a0\u00bb button_border_radius=\u00a0\u00bb21px\u00a0\u00bb button_font=\u00a0\u00bbanteb-bold||||||||\u00a0\u00bb width_tablet=\u00a0\u00bb\u00a0\u00bb width_phone=\u00a0\u00bb79%\u00a0\u00bb width_last_edited=\u00a0\u00bbon|phone\u00a0\u00bb custom_margin=\u00a0\u00bb63px|93px||42px|false|false\u00a0\u00bb custom_padding=\u00a0\u00bb|45px||37px|false|false\u00a0\u00bb link_option_url=\u00a0\u00bbhttps:\/\/medeora.de\/kontakt\/\u00a0\u00bb body_font_size_tablet=\u00a0\u00bb\u00a0\u00bb body_font_size_phone=\u00a0\u00bb15px\u00a0\u00bb body_font_size_last_edited=\u00a0\u00bbon|phone\u00a0\u00bb border_radii=\u00a0\u00bbon|22px|22px|22px|22px\u00a0\u00bb global_colors_info=\u00a0\u00bb{}\u00a0\u00bb]<\/p>\n<p>Nous nous ferons un plaisir de vous pr\u00e9senter notre logiciel sans engagement lors d&rsquo;un webinaire ou de vous proposer une premi\u00e8re consultation gratuite.<\/p>\n<p>&nbsp;<\/p>\n<h4><strong>N&rsquo;h\u00e9sitez pas \u00e0 nous contacter !<\/strong><\/h4>\n<p>[\/et_pb_cta][\/et_pb_column][\/et_pb_row][\/et_pb_section][et_pb_section fb_built=\u00a0\u00bb1&Prime; _builder_version=\u00a0\u00bb4.16&Prime; _module_preset=\u00a0\u00bbdefault\u00a0\u00bb background_color=\u00a0\u00bbRGBA(0,0,0,0)\u00a0\u00bb custom_margin=\u00a0\u00bb86px||||false|false\u00a0\u00bb locked=\u00a0\u00bboff\u00a0\u00bb global_colors_info=\u00a0\u00bb{}\u00a0\u00bb][\/et_pb_section]<\/p>\n","protected":false},"excerpt":{"rendered":"<p>PLANS &amp; TARIFS Calculez votre budgetPlans Pour vous offrir le meilleur service, nous ne prenons en compte que le nombre d&rsquo;utilisateurs connect\u00e9s simultan\u00e9ment (en parall\u00e8le) au syst\u00e8me, connu sous le nom de \u00ab\u00a0concurrent user\u00a0\u00bb. Vous n&rsquo;avez besoin d&rsquo;une licence que pour ces utilisateurs actifs simultan\u00e9ment. Ind\u00e9pendamment de cela, vous pouvez enregistrer un nombre illimit\u00e9 d&rsquo;utilisateurs dans le syst\u00e8me. Les \u00e9chantillons : Max. 100 Utilisateurs en parall\u00e8le : 2 utilisateurs maximum Nombre total d&rsquo;utilisateurs : Illimit\u00e9 Fonctionnalit\u00e9 : 100%.Les \u00e9chantillons : Illimit\u00e9 Utilisateurs en parall\u00e8le : 2 utilisateurs maximum Nombre total d&rsquo;utilisateurs : Illimit\u00e9 Fonctionnalit\u00e9 : 100%.Les \u00e9chantillons : Max. 5000 Utilisateurs en parall\u00e8le : en fonction de la licence Nombre total d&rsquo;utilisateurs : Illimit\u00e9 Fonctionnalit\u00e9 : 100%.\u00e9chantillons : Illimit\u00e9 Utilisateurs en parall\u00e8le : en fonction de la licence Nombre total d&rsquo;utilisateurs : Illimit\u00e9 Fonctionnalit\u00e9 : 100%. Prix &amp; calculateur de budget \n<div class=\"ccb-main-widget \" id=\"ccb_app_5787\" data-calc-id=\"5787\"><\/div>\nLes frais de licence sont factur\u00e9s annuellement pour l&rsquo;ann\u00e9e en cours. Tous les prix sont indiqu\u00e9s hors TVA. Sous r\u00e9serve de modifications. Mise \u00e0 jour des prix : 25 octobre 2024. Nous nous ferons un plaisir de vous pr\u00e9senter notre logiciel sans engagement lors d&rsquo;un webinaire ou de vous proposer une premi\u00e8re consultation gratuite. &nbsp; N&rsquo;h\u00e9sitez pas \u00e0 [&hellip;]<\/p>\n","protected":false},"author":1,"featured_media":0,"parent":0,"menu_order":0,"comment_status":"closed","ping_status":"closed","template":"","meta":{"_et_pb_use_builder":"on","_et_pb_old_content":"","_et_gb_content_width":"","_joinchat":[],"footnotes":""},"class_list":["post-7739","page","type-page","status-publish","hentry"],"yoast_head":"<!-- This site is optimized with the Yoast SEO plugin v27.4 - https:\/\/yoast.com\/product\/yoast-seo-wordpress\/ -->\n<title>Calculateur de budget pour estimer vos co\u00fbts logiciels - Calculateur de budget<\/title>\n<meta name=\"description\" content=\"Utilisez le calculateur de budget de Medeora pour estimer le co\u00fbt de votre solution logicielle BioARCHIVE, en tenant compte des utilisateurs concurrents. Les prix excluent la TVA.\" \/>\n<meta name=\"robots\" content=\"index, follow, max-snippet:-1, max-image-preview:large, max-video-preview:-1\" \/>\n<link rel=\"canonical\" href=\"https:\/\/medeora.de\/fr\/calculateur-de-budget\/\" \/>\n<meta property=\"og:locale\" content=\"fr_FR\" \/>\n<meta property=\"og:type\" content=\"article\" \/>\n<meta property=\"og:title\" content=\"Calculateur de budget pour estimer vos co\u00fbts logiciels - Calculateur de budget\" \/>\n<meta property=\"og:description\" content=\"Utilisez le calculateur de budget de Medeora pour estimer le co\u00fbt de votre solution logicielle BioARCHIVE, en tenant compte des utilisateurs concurrents. Les prix excluent la TVA.\" \/>\n<meta property=\"og:url\" content=\"https:\/\/medeora.de\/fr\/calculateur-de-budget\/\" \/>\n<meta property=\"og:site_name\" content=\"medeora.de\" \/>\n<meta property=\"article:modified_time\" content=\"2025-09-05T09:27:34+00:00\" \/>\n<meta name=\"twitter:card\" content=\"summary_large_image\" \/>\n<meta name=\"twitter:label1\" content=\"Dur\u00e9e de lecture estim\u00e9e\" \/>\n\t<meta name=\"twitter:data1\" content=\"2 minutes\" \/>\n<script type=\"application\/ld+json\" class=\"yoast-schema-graph\">{\"@context\":\"https:\\\/\\\/schema.org\",\"@graph\":[{\"@type\":\"WebPage\",\"@id\":\"https:\\\/\\\/medeora.de\\\/fr\\\/calculateur-de-budget\\\/\",\"url\":\"https:\\\/\\\/medeora.de\\\/fr\\\/calculateur-de-budget\\\/\",\"name\":\"Calculateur de budget pour estimer vos co\u00fbts logiciels - Calculateur de budget\",\"isPartOf\":{\"@id\":\"https:\\\/\\\/medeora.de\\\/fr\\\/#website\"},\"datePublished\":\"2022-01-05T09:55:07+00:00\",\"dateModified\":\"2025-09-05T09:27:34+00:00\",\"description\":\"Utilisez le calculateur de budget de Medeora pour estimer le co\u00fbt de votre solution logicielle BioARCHIVE, en tenant compte des utilisateurs concurrents. Les prix excluent la TVA.\",\"breadcrumb\":{\"@id\":\"https:\\\/\\\/medeora.de\\\/fr\\\/calculateur-de-budget\\\/#breadcrumb\"},\"inLanguage\":\"fr-FR\",\"potentialAction\":[{\"@type\":\"ReadAction\",\"target\":[\"https:\\\/\\\/medeora.de\\\/fr\\\/calculateur-de-budget\\\/\"]}]},{\"@type\":\"BreadcrumbList\",\"@id\":\"https:\\\/\\\/medeora.de\\\/fr\\\/calculateur-de-budget\\\/#breadcrumb\",\"itemListElement\":[{\"@type\":\"ListItem\",\"position\":1,\"name\":\"Startseite\",\"item\":\"https:\\\/\\\/medeora.de\\\/fr\\\/accueil\\\/\"},{\"@type\":\"ListItem\",\"position\":2,\"name\":\"Calculateur de budget\"}]},{\"@type\":\"WebSite\",\"@id\":\"https:\\\/\\\/medeora.de\\\/fr\\\/#website\",\"url\":\"https:\\\/\\\/medeora.de\\\/fr\\\/\",\"name\":\"medeora.de\",\"description\":\"\",\"potentialAction\":[{\"@type\":\"SearchAction\",\"target\":{\"@type\":\"EntryPoint\",\"urlTemplate\":\"https:\\\/\\\/medeora.de\\\/fr\\\/?s={search_term_string}\"},\"query-input\":{\"@type\":\"PropertyValueSpecification\",\"valueRequired\":true,\"valueName\":\"search_term_string\"}}],\"inLanguage\":\"fr-FR\"}]}<\/script>\n<!-- \/ Yoast SEO plugin. -->","yoast_head_json":{"title":"Calculateur de budget pour estimer vos co\u00fbts logiciels - Calculateur de budget","description":"Utilisez le calculateur de budget de Medeora pour estimer le co\u00fbt de votre solution logicielle BioARCHIVE, en tenant compte des utilisateurs concurrents. Les prix excluent la TVA.","robots":{"index":"index","follow":"follow","max-snippet":"max-snippet:-1","max-image-preview":"max-image-preview:large","max-video-preview":"max-video-preview:-1"},"canonical":"https:\/\/medeora.de\/fr\/calculateur-de-budget\/","og_locale":"fr_FR","og_type":"article","og_title":"Calculateur de budget pour estimer vos co\u00fbts logiciels - Calculateur de budget","og_description":"Utilisez le calculateur de budget de Medeora pour estimer le co\u00fbt de votre solution logicielle BioARCHIVE, en tenant compte des utilisateurs concurrents. Les prix excluent la TVA.","og_url":"https:\/\/medeora.de\/fr\/calculateur-de-budget\/","og_site_name":"medeora.de","article_modified_time":"2025-09-05T09:27:34+00:00","twitter_card":"summary_large_image","twitter_misc":{"Dur\u00e9e de lecture estim\u00e9e":"2 minutes"},"schema":{"@context":"https:\/\/schema.org","@graph":[{"@type":"WebPage","@id":"https:\/\/medeora.de\/fr\/calculateur-de-budget\/","url":"https:\/\/medeora.de\/fr\/calculateur-de-budget\/","name":"Calculateur de budget pour estimer vos co\u00fbts logiciels - Calculateur de budget","isPartOf":{"@id":"https:\/\/medeora.de\/fr\/#website"},"datePublished":"2022-01-05T09:55:07+00:00","dateModified":"2025-09-05T09:27:34+00:00","description":"Utilisez le calculateur de budget de Medeora pour estimer le co\u00fbt de votre solution logicielle BioARCHIVE, en tenant compte des utilisateurs concurrents. Les prix excluent la TVA.","breadcrumb":{"@id":"https:\/\/medeora.de\/fr\/calculateur-de-budget\/#breadcrumb"},"inLanguage":"fr-FR","potentialAction":[{"@type":"ReadAction","target":["https:\/\/medeora.de\/fr\/calculateur-de-budget\/"]}]},{"@type":"BreadcrumbList","@id":"https:\/\/medeora.de\/fr\/calculateur-de-budget\/#breadcrumb","itemListElement":[{"@type":"ListItem","position":1,"name":"Startseite","item":"https:\/\/medeora.de\/fr\/accueil\/"},{"@type":"ListItem","position":2,"name":"Calculateur de budget"}]},{"@type":"WebSite","@id":"https:\/\/medeora.de\/fr\/#website","url":"https:\/\/medeora.de\/fr\/","name":"medeora.de","description":"","potentialAction":[{"@type":"SearchAction","target":{"@type":"EntryPoint","urlTemplate":"https:\/\/medeora.de\/fr\/?s={search_term_string}"},"query-input":{"@type":"PropertyValueSpecification","valueRequired":true,"valueName":"search_term_string"}}],"inLanguage":"fr-FR"}]}},"_links":{"self":[{"href":"https:\/\/medeora.de\/fr\/wp-json\/wp\/v2\/pages\/7739","targetHints":{"allow":["GET"]}}],"collection":[{"href":"https:\/\/medeora.de\/fr\/wp-json\/wp\/v2\/pages"}],"about":[{"href":"https:\/\/medeora.de\/fr\/wp-json\/wp\/v2\/types\/page"}],"author":[{"embeddable":true,"href":"https:\/\/medeora.de\/fr\/wp-json\/wp\/v2\/users\/1"}],"replies":[{"embeddable":true,"href":"https:\/\/medeora.de\/fr\/wp-json\/wp\/v2\/comments?post=7739"}],"version-history":[{"count":9,"href":"https:\/\/medeora.de\/fr\/wp-json\/wp\/v2\/pages\/7739\/revisions"}],"predecessor-version":[{"id":9440,"href":"https:\/\/medeora.de\/fr\/wp-json\/wp\/v2\/pages\/7739\/revisions\/9440"}],"wp:attachment":[{"href":"https:\/\/medeora.de\/fr\/wp-json\/wp\/v2\/media?parent=7739"}],"curies":[{"name":"wp","href":"https:\/\/api.w.org\/{rel}","templated":true}]}}